{"id":4603,"date":"2022-11-05T21:18:43","date_gmt":"2022-11-06T00:18:43","guid":{"rendered":"https:\/\/afip-prod-brz-bebermenos.azurewebsites.net\/?page_id=4603"},"modified":"2026-02-09T12:38:40","modified_gmt":"2026-02-09T15:38:40","slug":"termo-de-consentimento-livre-esclarecido","status":"publish","type":"page","link":"https:\/\/bebermenos.org.br\/es\/termo-de-consentimento-livre-esclarecido\/","title":{"rendered":"Termo de consentimento livre-esclarecido"},"content":{"rendered":"<div data-elementor-type=\"wp-page\" data-elementor-id=\"4603\" class=\"elementor elementor-4603\">\n\t\t\t\t\t\t\t\t\t<section class=\"elementor-section elementor-top-section elementor-element elementor-element-883232f elementor-section-boxed elementor-section-height-default elementor-section-height-default\" data-id=\"883232f\" data-element_type=\"section\">\n\t\t\t\t\t\t<div class=\"elementor-container elementor-column-gap-default\">\n\t\t\t\t\t<div class=\"elementor-column elementor-col-100 elementor-top-column elementor-element elementor-element-9d5ebf2\" data-id=\"9d5ebf2\" data-element_type=\"column\">\n\t\t\t<div class=\"elementor-widget-wrap elementor-element-populated\">\n\t\t\t\t\t\t\t\t<div class=\"elementor-element elementor-element-c6ac0fb elementor-widget elementor-widget-heading\" data-id=\"c6ac0fb\" data-element_type=\"widget\" data-widget_type=\"heading.default\">\n\t\t\t\t<div class=\"elementor-widget-container\">\n\t\t\t<style>.elementor-element-c6ac0fb{display:none !important}<\/style>\t\t<\/div>\n\t\t\t\t<\/div>\n\t\t\t\t<div class=\"elementor-element elementor-element-83e6526 elementor-drop-cap-yes elementor-drop-cap-view-default elementor-widget elementor-widget-text-editor\" data-id=\"83e6526\" data-element_type=\"widget\" data-settings=\"{&quot;drop_cap&quot;:&quot;yes&quot;}\" data-widget_type=\"text-editor.default\">\n\t\t\t\t<div class=\"elementor-widget-container\">\n\t\t\t<style>.elementor-element-83e6526{display:none !important}<\/style>\t\t<\/div>\n\t\t\t\t<\/div>\n\t\t\t\t\t<\/div>\n\t\t<\/div>\n\t\t\t\t\t\t\t<\/div>\n\t\t<\/section>\n\t\t\t\t<section class=\"elementor-section elementor-top-section elementor-element elementor-element-5578950 elementor-section-boxed elementor-section-height-default elementor-section-height-default\" data-id=\"5578950\" data-element_type=\"section\">\n\t\t\t\t\t\t<div class=\"elementor-container elementor-column-gap-default\">\n\t\t\t\t\t<div class=\"elementor-column elementor-col-100 elementor-top-column elementor-element elementor-element-fd6cf31\" data-id=\"fd6cf31\" data-element_type=\"column\">\n\t\t\t<div class=\"elementor-widget-wrap elementor-element-populated\">\n\t\t\t\t\t\t\t\t<div class=\"elementor-element elementor-element-7c7bb77 elementor-widget elementor-widget-heading\" data-id=\"7c7bb77\" data-element_type=\"widget\" data-widget_type=\"heading.default\">\n\t\t\t\t<div class=\"elementor-widget-container\">\n\t\t\t<h2 class=\"elementor-heading-title elementor-size-default\"> FORMATO DE CONSENTIMIENTO INFORMADO<\/h2>\t\t<\/div>\n\t\t\t\t<\/div>\n\t\t\t\t<div class=\"elementor-element elementor-element-8cf4db8 elementor-widget elementor-widget-text-editor\" data-id=\"8cf4db8\" data-element_type=\"widget\" data-widget_type=\"text-editor.default\">\n\t\t\t\t<div class=\"elementor-widget-container\">\n\t\t\t\t\t\t\t<p><strong>INCREMENTO DE LA ADHERENCIA A BEBER MENOS: PROGRAMA EN L\u00cdNEA PARA LA PREVENCI\u00d3N\u00a0SECUNDARIA DEL CONSUMO DE ALCOHOL<\/strong><\/p><p><strong>I<\/strong><b>nvestigador Responsable:<\/b> Dra. Marcela Tiburcio Sainz<br \/><strong>L<\/strong><b>ugar donde se realizar\u00e1 la investigaci\u00f3n:<\/b> Sitio web<\/p><p>Se le invita a participar, como voluntario, en el estudio se\u00f1alado en el t\u00edtulo, ya que los resultados del cuestionario AUDIT-C que respondi\u00f3 indicaron que usted podr\u00eda beneficiarse de una serie de actividades para mejorar sus h\u00e1bitos de salud vinculados al consumo de alcohol. Su contribuci\u00f3n es importante, sin embargo, si no es su deseo participar puede no hacerlo.<\/p><p>Antes de decidir si desea participar, es importante que comprenda por qu\u00e9 se lleva a cabo esta investigaci\u00f3n. Todos los procedimientos involucrados, los posibles beneficios, riesgos e incomodidades que podr\u00edan presentarse, se describir\u00e1n y explicar\u00e1n a continuaci\u00f3n.<\/p><p>En cualquier momento, antes, durante y despu\u00e9s de la investigaci\u00f3n, puede solicitar aclaraciones adicionales, negarse a participar o retirarse de la investigaci\u00f3n. En todos estos casos, usted no ser\u00e1 perjudicado, penalizado o considerado responsable de ninguna manera.<\/p><p>En caso de dudas sobre la investigaci\u00f3n, puede contactar al investigador responsable Dra. Marcela Tiburcio Sainz, del Departamento de Ciencias Sociales en Salud, ubicado en Calzada M\u00e9xico-Xochimilco No. 101. Colonia San Lorenzo Huipulco, Tlalpan, Ciudad de M\u00e9xico. Tel\u00e9fono 5541605162, en un horario de 9 am. a 3 pm. y correo electr\u00f3nico tibsam@inprf.gob.mx<\/p><p>Este estudio fue analizado por un Comit\u00e9 de \u00c9tica en Investigaci\u00f3n (CEI) que es un organismo que protege el bienestar de los participantes de la investigaci\u00f3n. El CEI es responsable de evaluar y monitorear los aspectos \u00e9ticos de toda investigaci\u00f3n que involucre seres humanos, con el objetivo de garantizar la dignidad, los derechos, la seguridad y el bienestar de los participantes de la investigaci\u00f3n. Si tiene dudas y\/o preguntas sobre sus derechos como participante de este estudio o si no est\u00e1 satisfecho con la forma en que se est\u00e1 realizando el estudio, comun\u00edquese con el presidente del Comit\u00e9 de \u00c9tica en Investigaci\u00f3n (CEI) Dr. Ilyam\u00edn Merl\u00edn Garc\u00eda, ubicado en Calzada M\u00e9xico-Xochimilco No. 101. Colonia San Lorenzo Huipulco, Tlalpan, Ciudad de M\u00e9xico. Tel\u00e9fono 5541605162 y correo electr\u00f3nico ilyamin@inprf.gob.mx<\/p><p>Toda la informaci\u00f3n recopilada en este estudio ser\u00e1 confidencial, esto quiere decir que su nombre nunca ser\u00e1 revelado. Solo el investigador y\/o el equipo de investigaci\u00f3n conocer\u00e1n su identidad y nos comprometemos a mantenerla confidencial.<\/p><p><strong>INFORMACI\u00d3N IMPORTANTE QUE DEBE SABER SOBRE LA INVESTIGACI\u00d3N.<\/strong><\/p><p><strong>Justificaci\u00f3n para realizar la investigaci\u00f3n.<\/strong><br \/>Considerando que muchas personas con problemas relacionados con el consumo de alcohol no pueden recibir atenci\u00f3n presencial o no desean hacerlo, es importante desarrollar intervenciones efectivas realizadas a trav\u00e9s de Internet que les ayuden a recibir este recurso.<\/p><p><strong>Objetivos de la investigaci\u00f3n.<\/strong><br \/>Comparar la efectividad de una intervenci\u00f3n virtual breve para ayudar a reducir los problemas asociados al uso de bebidas alcoh\u00f3licas que se ofrece a trav\u00e9s de un sitio web (<a href=\"http:\/\/www.informalcool.org.br\/es\">www.informalcool.org.br\/es<\/a> y <a href=\"http:\/\/www.bebermenos.org.br\/es\">www.bebermenos.org.br\/es<\/a>) con la misma intervenci\u00f3n junto con tres sesiones de seguimiento realizadas por un profesional de la salud.<\/p><p><strong>Poblaci\u00f3n de investigaci\u00f3n.<\/strong><br \/>Personas con consumo de riesgo o posible dependencia de alcohol, mayores de 18 a\u00f1os, y que no est\u00e9n en tratamiento por problemas asociados al consumo de alcohol mientras participan en el estudio.<\/p><p><strong>Procedimientos a los que se someter\u00e1.<\/strong><br \/>Si usted acepta participar:<\/p><ol><li>Debe leer y aceptar el formato de consentimiento informado;<\/li><li>Ser\u00e1 asignado al azar a uno de los dos grupos que se van a comparar;<ul><li>Grupo 1 (control): recibir\u00e1 durante 6 semanas, el programa de intervenci\u00f3n Beber Menos;<\/li><li>Grupo 2 (experimental) recibir\u00e1 la misma intervenci\u00f3n m\u00e1s tres sesiones de consejer\u00eda de 30 minutos cada una con un profesional de la salud. Si queda en este grupo deber\u00e1 indicar v\u00eda correo electr\u00f3nico qu\u00e9 forma de contacto prefiere para recibir las sesiones: por tel\u00e9fono, WhatsApp, conferencias web utilizando zoom, Google Meet o similares. Tambi\u00e9n deber\u00e1 indicar posibles d\u00edas y horarios en que pueda ser contactado para las mismas (entre el 7\u00b0 y 8\u00b0 d\u00eda, entre el d\u00eda 21 y 23, entre los d\u00edas 35 y 37).<\/li><\/ul><\/li><li>Deber\u00e1 realizar a trav\u00e9s de la plataforma del programa Beber Menos diferentes actividades para monitorear su consumo de bebidas alcoh\u00f3licas y para desarrollar estrategias para reducir el uso durante 6 semanas (al menos una vez por semana);<\/li><li>Deber\u00e1 responder una serie de cuestionarios sobre: su consumo de alcohol y problemas asociados, datos sociodemogr\u00e1ficos, motivos de consumo de alcohol, situaciones de reca\u00edda, metas de consumo, estrategias y motivaciones para el cambio de consumo, dificultades encontradas y aspectos positivos y negativos del programa. Algunos de estos instrumentos se aplicar\u00e1n al inicio del programa y se volver\u00e1n a aplicar al final, despu\u00e9s del primer mes, despu\u00e9s del tercer mes y despu\u00e9s del sexto mes de finalizar el estudio.<\/li><\/ol><p><strong>Riesgos de participar en la investigaci\u00f3n.<\/strong><br \/>Los riesgos que conlleva son m\u00ednimos, como el cansancio al contestar los cuestionarios y no recibir otro tipo de tratamiento para los problemas asociados al consumo de alcohol, que eventualmente podr\u00eda ser m\u00e1s beneficioso durante el estudio.<br \/>Algunas preguntas de los cuestionarios y ejercicios de la plataforma podr\u00edan generar malestar emocional leve, en caso de que se requiera mayor atenci\u00f3n en la plataforma siempre estar\u00e1 disponible el mail y tel\u00e9fono de contacto del equipo de investigaci\u00f3n, quien proporcionar\u00e1 atenci\u00f3n y en caso necesario se har\u00e1 referencia con un especialista.<\/p><p><strong>Beneficios de participar en la investigaci\u00f3n.<\/strong><br \/>Todos los participantes que se registren recibir\u00e1n informaci\u00f3n referente al acceso a diferentes recursos electr\u00f3nicos gratuitos que favorecen el cuidado de la salud mental v\u00eda <strong>correo electr\u00f3nico<\/strong>.<\/p><ul><li>Ayuda para depresi\u00f3n (ADep) <a href=\"https:\/\/ayudaparadepresion.org.mx\/\">https:\/\/ayudaparadepresion.org.mx\/<\/a><\/li><li>Ayuda para familiares de consumidores de alcohol y drogas <a href=\"https:\/\/familiayadicciones.org.mx\/\">https:\/\/familiayadicciones.org.mx\/<\/a><\/li><li>\u2022 Mentalizarte <a href=\"https:\/\/www.mentalizarte.com\/\">https:\/\/www.mentalizarte.com\/<\/a><\/li><\/ul><p>En el futuro, los resultados del estudio tambi\u00e9n pueden beneficiar a otras personas y contribuir al avance del conocimiento sobre la efectividad de las intervenciones para reducir los problemas asociados con el consumo de alcohol.<\/p><p>Adicionalmente, al t\u00e9rmino de la fase de intervenci\u00f3n los participantes del grupo control podr\u00e1n recibir una serie de videollamadas para reforzar los avances obtenidos en la intervenci\u00f3n.<\/p><p><strong>M\u00e9todo de seguimiento del tratamiento.<\/strong><br \/>Los participantes ser\u00e1n contactados para un seguimiento por correo electr\u00f3nico despu\u00e9s de 6 meses y podr\u00e1n recibir orientaci\u00f3n sobre otros tipos de tratamiento disponibles en la regi\u00f3n donde viven.<\/p><p><strong>Privacidad y confidencialidad.<\/strong><br \/>Todos los datos e informaci\u00f3n que proporcione ser\u00e1n tratados de forma que se garantice la privacidad y confidencialidad. Los datos personales no ser\u00e1n divulgados los datos de investigaci\u00f3n a ser divulgados o publicados no permitir\u00e1n su identificaci\u00f3n. Los datos recabados por el sitio de internet responden Ley General de Protecci\u00f3n de Datos) en Brasil. Pol\u00edtica de Privacidad.<\/p><p>Para resguardar la confidencialidad de su identidad en l\u00ednea o llamada telef\u00f3nica, se le pedir\u00e1 emplear un pseud\u00f3nimo, la lista con nombres, tel\u00e9fonos y correos relacionados con cada pseud\u00f3nimo s\u00f3lo estar\u00e1n en posesi\u00f3n de un miembro del equipo. En caso de videollamadas, zoom o Google Meet se sugiere que mantenga la c\u00e1mara apagada durante la interacci\u00f3n con el orientador.<\/p><p><strong>Acceso a los resultados parciales o finales de la investigaci\u00f3n.<\/strong><br \/>Usted tiene derecho, si as\u00ed lo solicita, a tener acceso a los resultados de la investigaci\u00f3n;<\/p><p><strong>Costos involucrados en la participaci\u00f3n en la investigaci\u00f3n.<\/strong><br \/>La participaci\u00f3n en la investigaci\u00f3n no implica ning\u00fan costo para usted, ni compensaci\u00f3n econ\u00f3mica.<\/p><p><strong>Da\u00f1os e indemnizaciones.<\/strong><br \/>Si se produjera alg\u00fan problema o da\u00f1o personal como consecuencia de su participaci\u00f3n en el proyecto, se le garantizar\u00e1 el derecho a un tratamiento inmediato y gratuito por parte del equipo de investigaci\u00f3n, sin excluir la posibilidad de indemnizaci\u00f3n determinada por la ley, si el da\u00f1o surge de la investigaci\u00f3n.<br \/>Al marcar la opci\u00f3n \u201cAcepto\u201d a continuaci\u00f3n, certifica que ha aceptado participar como voluntario de la investigaci\u00f3n. Que fue debidamente informado y aclarado sobre el prop\u00f3sito de esta investigaci\u00f3n, que ley\u00f3 los procedimientos involucrados en la misma, as\u00ed como los posibles riesgos y beneficios derivados de su participaci\u00f3n y aclar\u00f3 todas sus dudas. Se le garantiza la posibilidad de negarse a participar y retirar su consentimiento en cualquier momento, sin causarle ning\u00fan da\u00f1o, sanci\u00f3n o responsabilidad. Consideramos que ha autorizado la divulgaci\u00f3n de los datos obtenidos en este estudio, manteniendo confidencial su identidad. Le enviaremos una copia de este Formulario de consentimiento libre e informado <strong>a su correo electr\u00f3nico<\/strong>&#8220;.<\/p><p><strong>AL PRESIONAR EL BOT\u00d3N \u201cESTOY DE ACUERDO\u201d DECLARO QUE ACEPTO PARTICIPAR EN EL ESTUDIO DE INVESTIGACI\u00d3N DE SE DESCRIBE EN ESTE DOCUMENTO<\/strong><\/p><p><strong>\u00a0<\/strong><\/p>\t\t\t\t\t\t<\/div>\n\t\t\t\t<\/div>\n\t\t\t\t\t<\/div>\n\t\t<\/div>\n\t\t\t\t\t\t\t<\/div>\n\t\t<\/section>\n\t\t\t\t\t\t\t<\/div>","protected":false},"excerpt":{"rendered":"<p>Termo de Consentimento Livre e Esclarecido TERMO DE CONSENTIMENTO LIVRE E ESCLARECIDO T\u00edtulo do Projeto de Pesquisa: AVALIA\u00c7\u00c3O DA ADES\u00c3O E EFETIVIDADE DE DUAS VERS\u00d5ES DA INTERVEN\u00c7\u00c3O DIGITAL BEBERMENOS: COM OU SEM SESS\u00d5ES DE ORIENTA\u00c7\u00c3O ONLINE Pesquisadora Respons\u00e1vel: Profa. Dra. Maria Lucia Oliveira de Souza FormigoniLocal onde ser\u00e1 realizada a pesquisa: site www.bebermenos.org.br Voc\u00ea est\u00e1 [&hellip;]<\/p>","protected":false},"author":4,"featured_media":0,"parent":0,"menu_order":0,"comment_status":"closed","ping_status":"closed","template":"","meta":{"footnotes":""},"acf":[],"_links":{"self":[{"href":"https:\/\/bebermenos.org.br\/es\/wp-json\/wp\/v2\/pages\/4603"}],"collection":[{"href":"https:\/\/bebermenos.org.br\/es\/wp-json\/wp\/v2\/pages"}],"about":[{"href":"https:\/\/bebermenos.org.br\/es\/wp-json\/wp\/v2\/types\/page"}],"author":[{"embeddable":true,"href":"https:\/\/bebermenos.org.br\/es\/wp-json\/wp\/v2\/users\/4"}],"replies":[{"embeddable":true,"href":"https:\/\/bebermenos.org.br\/es\/wp-json\/wp\/v2\/comments?post=4603"}],"version-history":[{"count":70,"href":"https:\/\/bebermenos.org.br\/es\/wp-json\/wp\/v2\/pages\/4603\/revisions"}],"predecessor-version":[{"id":24881,"href":"https:\/\/bebermenos.org.br\/es\/wp-json\/wp\/v2\/pages\/4603\/revisions\/24881"}],"wp:attachment":[{"href":"https:\/\/bebermenos.org.br\/es\/wp-json\/wp\/v2\/media?parent=4603"}],"curies":[{"name":"wp","href":"https:\/\/api.w.org\/{rel}","templated":true}]}}