{"id":541,"date":"2021-07-06T17:00:34","date_gmt":"2021-07-06T20:00:34","guid":{"rendered":"https:\/\/afip-prod-brz-bebermenos.azurewebsites.net\/?page_id=541"},"modified":"2024-06-20T07:08:34","modified_gmt":"2024-06-20T10:08:34","slug":"informacoes-ao-participante","status":"publish","type":"page","link":"https:\/\/bebermenos.org.br\/es\/sobre-o-programa\/informacoes-ao-participante\/","title":{"rendered":"Informaci\u00f3n para los participantes"},"content":{"rendered":"<div data-elementor-type=\"wp-page\" data-elementor-id=\"541\" class=\"elementor elementor-541\">\n\t\t\t\t\t\t\t\t\t<section class=\"elementor-section elementor-top-section elementor-element elementor-element-80a62b0 elementor-section-boxed elementor-section-height-default elementor-section-height-default\" data-id=\"80a62b0\" data-element_type=\"section\">\n\t\t\t\t\t\t<div class=\"elementor-container elementor-column-gap-default\">\n\t\t\t\t\t<div class=\"elementor-column elementor-col-100 elementor-top-column elementor-element elementor-element-cc60179\" data-id=\"cc60179\" data-element_type=\"column\">\n\t\t\t<div class=\"elementor-widget-wrap elementor-element-populated\">\n\t\t\t\t\t\t\t\t<div class=\"elementor-element elementor-element-1d2f80a elementor-widget elementor-widget-heading\" data-id=\"1d2f80a\" data-element_type=\"widget\" data-widget_type=\"heading.default\">\n\t\t\t\t<div class=\"elementor-widget-container\">\n\t\t\t<h2 class=\"elementor-heading-title elementor-size-default\">Informaci\u00f3n del participante<\/h2>\t\t<\/div>\n\t\t\t\t<\/div>\n\t\t\t\t<div class=\"elementor-element elementor-element-9f4fd69 elementor-widget elementor-widget-text-editor\" data-id=\"9f4fd69\" data-element_type=\"widget\" data-widget_type=\"text-editor.default\">\n\t\t\t\t<div class=\"elementor-widget-container\">\n\t\t\t\t\t\t\t<p>Al utilizar este programa, se te invita a autorizar el uso de tus datos exclusivamente con fines de investigaci\u00f3n. Los detalles sobre el estudio y uso de los datos est\u00e1n contenidos en el Consentimiento Informado aprobado por el Comit\u00e9 de \u00c9tica en Investigaci\u00f3n de la&nbsp; UNIFESP (CEP) Dictamen: 4.567.840 Proyecto CEP\/UNIFESP n:0065\/2021 para el estudio \u201cIncremento a la adherencia a Bebermenos: programa en l\u00ednea para la prevenci\u00f3n secundaria del consumo de alcohol\u201d, que est\u00e1 disponible en Reg\u00edstrate. Lee atentamente&nbsp;toda la informaci\u00f3n.&nbsp;<\/p>\n<h2>Objetivos del estudio<\/h2>\n<p>El objetivo del estudio es comparar dos versiones de la intervenci\u00f3n virtual \u201cBebermenos\u201d: con o sin sesiones complementarias de orientaci\u00f3n en l\u00ednea, para evaluar si esta orientaci\u00f3n aumenta la adherencia al programa o su efectividad en la reducci\u00f3n de problemas asociados al consumo de alcohol. La versi\u00f3n totalmente automatizada del programa ya ha sido probada con buenos&nbsp;resultados para quienes realizaron las&nbsp;actividades propuestas.<\/p>\n<h2>Tu participaci\u00f3n en este estudio<\/h2>\n<p>Puedes participar en este estudio si tienes&nbsp;entre 18 y 75 a\u00f1os, tienes acceso a Internet al&nbsp;menos una vez por semana, sabes leer y&nbsp;escribir y no has consumido drogas il\u00edcitas o&nbsp;sedantes durante el \u00faltimo mes. Tambi\u00e9n es&nbsp;importante que actualmente no est\u00e9s en&nbsp;tratamiento para reducir el consumo de&nbsp;alcohol. Con base en estudios previos, no&nbsp;existen riesgos significativos para tu salud por&nbsp;participar en este tipo de estudio. Sin&nbsp;embargo, si experimentas s\u00edntomas de&nbsp;abstinencia debido al cese del consumo de&nbsp;alcohol, o cualquier otro s\u00edntoma f\u00edsico o&nbsp;emocional, te recomendamos que busques<br>atenci\u00f3n m\u00e9dica de inmediato. Aqu\u00ed podr\u00e1s&nbsp;encontrar servicios p\u00fablicos que brindan&nbsp;atenci\u00f3n especializada, cerca de donde vives.&nbsp;Los resultados de este estudio se publicar\u00e1n&nbsp;una vez finalizado.<\/p>\n<p><strong>Importante:<\/strong> tu participaci\u00f3n en este estudio&nbsp;es gratuita y tu informaci\u00f3n personal se&nbsp;mantendr\u00e1 confidencial y no se pondr\u00e1 a&nbsp;<span style=\"color: var( --e-global-color-text ); font-family: var( --e-global-typography-text-font-family ), Sans-serif;\">disposici\u00f3n de terceros ni se utilizar\u00e1 con fines&nbsp;<\/span><span style=\"color: var( --e-global-color-text ); font-family: var( --e-global-typography-text-font-family ), Sans-serif;\">comerciales.<\/span><\/p>\n<h2>Participaci\u00f3n voluntaria<\/h2>\n<p>Tu participaci\u00f3n en este estudio es voluntaria, con&nbsp;la garant\u00eda de que puedes retirarte de la&nbsp;investigaci\u00f3n en cualquier momento, sin necesidad&nbsp;de justificaci\u00f3n previa. No obstante, si esto ocurre,&nbsp;nos pondremos en contacto contigo para que, si lo&nbsp;deseas, nos expliques tus motivos. Tu opini\u00f3n es&nbsp;muy importante para nosotros para mejorar el&nbsp;programa y ayudar a otras personas con problemas&nbsp;similares.<\/p>\n<h2>Privacidad de datos<\/h2>\n<p>Se requerir\u00e1 un correo electr\u00f3nico y un n\u00famero de&nbsp;tel\u00e9fono v\u00e1lidos para contactarte durante las 6&nbsp;semanas del programa y despu\u00e9s de 1, 3 y 6 meses&nbsp;para evaluar el resultado del programa. Los datos&nbsp;que proporciones ser\u00e1n analizados y tratados de&nbsp;forma confidencial, respetando tu privacidad. Al&nbsp;registrarte tambi\u00e9n tendr\u00e1s acceso a la Pol\u00edtica de&nbsp;Privacidad.<\/p>\n<h2>Contacto<\/h2>\n<p><span style=\"color: var( --e-global-color-text ); font-family: var( --e-global-typography-text-font-family ), Sans-serif;\">En cualquier etapa del estudio, puedes contactar con los profesionales responsables de la investigaci\u00f3n para aclarar cualquier duda. La investigadora principal en M\u00e9xico es la Dra. Marcela Tiburcio, Jefa del Departamento. De Ciencias Sociales en Salud el INPRFM.<\/span><\/p>\n<p><span style=\"color: var( --e-global-color-text ); font-family: var( --e-global-typography-text-font-family ), Sans-serif;\">Tambi\u00e9n puede contactarnos por correo electr\u00f3nico bebermenos@imp.edu.mx. Si a\u00fan tiene inquietudes o dudas sobre los aspectos \u00e9ticos del estudio, puede comunicarse con el con el Comit\u00e9 de \u00c9tica en Investigaci\u00f3n (CEI) del Instituto Nacional de Psiquiatr\u00eda Ram\u00f3n de la Fuente Mu\u00f1iz (INPRFM), ubicado en calzada M\u00e9xico Xochimilco 101, colonia San Lorenzo Huipulco tel\u00e9fono (55) 41 60 51 62. Tambi\u00e9n puedes contactarlos por correo electr\u00f3nico <\/span><a style=\"font-family: var( --e-global-typography-text-font-family ), Sans-serif; background-color: #ffffff;\" href=\"mailto:comiteetica@imp.edu.mx\">comiteetica@imp.edu.mx<\/a><span style=\"color: var( --e-global-color-text ); font-family: var( --e-global-typography-text-font-family ), Sans-serif;\"> . Horario de atenci\u00f3n al p\u00fablico lunes a viernes, de 8:00 am a 3:00 pm.<\/span><\/p>\t\t\t\t\t\t<\/div>\n\t\t\t\t<\/div>\n\t\t\t\t\t<\/div>\n\t\t<\/div>\n\t\t\t\t\t\t\t<\/div>\n\t\t<\/section>\n\t\t\t\t\t\t\t<\/div>","protected":false},"excerpt":{"rendered":"<p>Informa\u00e7\u00f5es ao Participante Ao usar este programa voc\u00ea \u00e9 convidado a autorizar o uso de seus dados exclusivamente para fins de pesquisa. Os detalhes sobre o estudo e uso dos dados constam no Termo de Consentimento Livre e Esclarecido aprovado pelo Comit\u00ea de \u00c9tica em Pesquisa da UNIFESP (CEP) Parecer: 5.906.692 Projeto CEP\/UNIFESP n:0065\/2021 para [&hellip;]<\/p>","protected":false},"author":4,"featured_media":0,"parent":3722,"menu_order":0,"comment_status":"closed","ping_status":"closed","template":"","meta":{"footnotes":""},"acf":[],"_links":{"self":[{"href":"https:\/\/bebermenos.org.br\/es\/wp-json\/wp\/v2\/pages\/541"}],"collection":[{"href":"https:\/\/bebermenos.org.br\/es\/wp-json\/wp\/v2\/pages"}],"about":[{"href":"https:\/\/bebermenos.org.br\/es\/wp-json\/wp\/v2\/types\/page"}],"author":[{"embeddable":true,"href":"https:\/\/bebermenos.org.br\/es\/wp-json\/wp\/v2\/users\/4"}],"replies":[{"embeddable":true,"href":"https:\/\/bebermenos.org.br\/es\/wp-json\/wp\/v2\/comments?post=541"}],"version-history":[{"count":71,"href":"https:\/\/bebermenos.org.br\/es\/wp-json\/wp\/v2\/pages\/541\/revisions"}],"predecessor-version":[{"id":16345,"href":"https:\/\/bebermenos.org.br\/es\/wp-json\/wp\/v2\/pages\/541\/revisions\/16345"}],"up":[{"embeddable":true,"href":"https:\/\/bebermenos.org.br\/es\/wp-json\/wp\/v2\/pages\/3722"}],"wp:attachment":[{"href":"https:\/\/bebermenos.org.br\/es\/wp-json\/wp\/v2\/media?parent=541"}],"curies":[{"name":"wp","href":"https:\/\/api.w.org\/{rel}","templated":true}]}}