{"id":543,"date":"2021-07-06T17:04:51","date_gmt":"2021-07-06T20:04:51","guid":{"rendered":"https:\/\/afip-prod-brz-bebermenos.azurewebsites.net\/?page_id=543"},"modified":"2024-06-20T07:10:58","modified_gmt":"2024-06-20T10:10:58","slug":"um-bebedor-em-casa","status":"publish","type":"page","link":"https:\/\/bebermenos.org.br\/es\/fatos-sobre-o-alcool\/um-bebedor-em-casa\/","title":{"rendered":"Un bebedor en casa\u00a0"},"content":{"rendered":"<div data-elementor-type=\"wp-page\" data-elementor-id=\"543\" class=\"elementor elementor-543\">\n\t\t\t\t\t\t\t\t\t<section class=\"elementor-section elementor-top-section elementor-element elementor-element-4a5ffd0 elementor-section-boxed elementor-section-height-default elementor-section-height-default\" data-id=\"4a5ffd0\" data-element_type=\"section\">\n\t\t\t\t\t\t<div class=\"elementor-container elementor-column-gap-default\">\n\t\t\t\t\t<div class=\"elementor-column elementor-col-100 elementor-top-column elementor-element elementor-element-7172bc3\" data-id=\"7172bc3\" data-element_type=\"column\">\n\t\t\t<div class=\"elementor-widget-wrap elementor-element-populated\">\n\t\t\t\t\t\t\t\t<div class=\"elementor-element elementor-element-e6aa9fb elementor-widget elementor-widget-heading\" data-id=\"e6aa9fb\" data-element_type=\"widget\" data-widget_type=\"heading.default\">\n\t\t\t\t<div class=\"elementor-widget-container\">\n\t\t\t<h2 class=\"elementor-heading-title elementor-size-default\">Un bebedor en casa<\/h2>\t\t<\/div>\n\t\t\t\t<\/div>\n\t\t\t\t<div class=\"elementor-element elementor-element-5e0fb7e elementor-widget elementor-widget-text-editor\" data-id=\"5e0fb7e\" data-element_type=\"widget\" data-widget_type=\"text-editor.default\">\n\t\t\t\t<div class=\"elementor-widget-container\">\n\t\t\t\t\t\t\t<p><strong>A menudo es dif\u00edcil llevarse bien con alguien que bebe mucho.<\/strong><\/p><p>Aqu\u00ed hay algunas sugerencias sobre c\u00f3mo manejar esta situaci\u00f3n:<\/p><ul><li>Evita discutir cuando la persona est\u00e1 bebiendo &#8211; est\u00e1 bajo el efecto de una droga que altera su percepci\u00f3n y razonamiento &#8211; no hay posibilidad de discusiones productivas;<\/li><li>Espera hasta que la persona est\u00e9 sobria para hablar con ella y comienza por preguntarle qu\u00e9 no va bien en su vida antes de hablar sobre el consumo de alcohol;<\/li><li>La mayor\u00eda de las personas con problemas de consumo de alcohol buscan un \u201cremedio\u201d para afrontar situaciones desagradables;<\/li><li>Despu\u00e9s de escuchar lo que la persona tiene que decir, intenta que se d\u00e9 cuenta de que el uso de bebidas alcoh\u00f3licas puede brindarle un alivio moment\u00e1neo, pero que causa muchos otros problemas: de salud, financieros y de relaciones, por ejemplo;<\/li><li>Invita a la persona a pensar en ello sin juzgar. Puedes estar disponible para ayudar;<\/li><li>Habla con tu familia sobre todo tipo de problemas, no s\u00f3lo los relacionados con el consumo de alcohol;<\/li><li>Trata de identificar cualquier servicio de salud o grupo de autoayuda disponible cerca de donde vives o en l\u00ednea;<\/li><li>No esperes grandes cambios al inicio del tratamiento si la persona acepta participar en el programa. Las reca\u00eddas son parte del proceso y deben verse como momentos naturales y de aprendizaje;<\/li><li>Necesitar\u00e1s paciencia.<\/li><\/ul><p><strong><span style=\"text-decoration: underline;\">Recuerda:<\/span><\/strong> lo que alivia la tensi\u00f3n en el entorno familiar es un cambio de actitud y comportamiento por parte de todos los miembros de la familia.<\/p>\t\t\t\t\t\t<\/div>\n\t\t\t\t<\/div>\n\t\t\t\t\t<\/div>\n\t\t<\/div>\n\t\t\t\t\t\t\t<\/div>\n\t\t<\/section>\n\t\t\t\t\t\t\t<\/div>","protected":false},"excerpt":{"rendered":"<p>Um bebedor em casa Muitas vezes \u00e9 dif\u00edcil conviver com algu\u00e9m que bebe muito. Veja algumas sugest\u00f5es de como lidar com essa situa\u00e7\u00e3o: Evite discutir no momento em que &nbsp;a pessoa estiver bebendo \u2013 ela est\u00e1 sob o efeito de uma droga que altera sua percep\u00e7\u00e3o e racioc\u00ednio &#8211; &nbsp;n\u00e3o existem chances de discuss\u00f5es produtivas; [&hellip;]<\/p>","protected":false},"author":4,"featured_media":0,"parent":3724,"menu_order":0,"comment_status":"closed","ping_status":"closed","template":"","meta":{"footnotes":""},"acf":[],"_links":{"self":[{"href":"https:\/\/bebermenos.org.br\/es\/wp-json\/wp\/v2\/pages\/543"}],"collection":[{"href":"https:\/\/bebermenos.org.br\/es\/wp-json\/wp\/v2\/pages"}],"about":[{"href":"https:\/\/bebermenos.org.br\/es\/wp-json\/wp\/v2\/types\/page"}],"author":[{"embeddable":true,"href":"https:\/\/bebermenos.org.br\/es\/wp-json\/wp\/v2\/users\/4"}],"replies":[{"embeddable":true,"href":"https:\/\/bebermenos.org.br\/es\/wp-json\/wp\/v2\/comments?post=543"}],"version-history":[{"count":33,"href":"https:\/\/bebermenos.org.br\/es\/wp-json\/wp\/v2\/pages\/543\/revisions"}],"predecessor-version":[{"id":16348,"href":"https:\/\/bebermenos.org.br\/es\/wp-json\/wp\/v2\/pages\/543\/revisions\/16348"}],"up":[{"embeddable":true,"href":"https:\/\/bebermenos.org.br\/es\/wp-json\/wp\/v2\/pages\/3724"}],"wp:attachment":[{"href":"https:\/\/bebermenos.org.br\/es\/wp-json\/wp\/v2\/media?parent=543"}],"curies":[{"name":"wp","href":"https:\/\/api.w.org\/{rel}","templated":true}]}}