{"id":545,"date":"2021-07-06T17:05:32","date_gmt":"2021-07-06T20:05:32","guid":{"rendered":"https:\/\/afip-prod-brz-bebermenos.azurewebsites.net\/?page_id=545"},"modified":"2024-08-30T16:56:17","modified_gmt":"2024-08-30T19:56:17","slug":"alcool-e-educacao","status":"publish","type":"page","link":"https:\/\/bebermenos.org.br\/es\/fatos-sobre-o-alcool\/alcool-e-educacao\/","title":{"rendered":"Alcohol y educaci\u00f3n"},"content":{"rendered":"<div data-elementor-type=\"wp-page\" data-elementor-id=\"545\" class=\"elementor elementor-545\">\n\t\t\t\t\t\t\t\t\t<section class=\"elementor-section elementor-top-section elementor-element elementor-element-a8aef1a elementor-section-boxed elementor-section-height-default elementor-section-height-default\" data-id=\"a8aef1a\" data-element_type=\"section\">\n\t\t\t\t\t\t<div class=\"elementor-container elementor-column-gap-default\">\n\t\t\t\t\t<div class=\"elementor-column elementor-col-100 elementor-top-column elementor-element elementor-element-47eb1c5\" data-id=\"47eb1c5\" data-element_type=\"column\">\n\t\t\t<div class=\"elementor-widget-wrap elementor-element-populated\">\n\t\t\t\t\t\t\t\t<div class=\"elementor-element elementor-element-bdf3baa elementor-widget elementor-widget-heading\" data-id=\"bdf3baa\" data-element_type=\"widget\" data-widget_type=\"heading.default\">\n\t\t\t\t<div class=\"elementor-widget-container\">\n\t\t\t<h2 class=\"elementor-heading-title elementor-size-default\">Alcohol y educaci\u00f3n<\/h2>\t\t<\/div>\n\t\t\t\t<\/div>\n\t\t\t\t<div class=\"elementor-element elementor-element-1aa5474 elementor-widget elementor-widget-text-editor\" data-id=\"1aa5474\" data-element_type=\"widget\" data-widget_type=\"text-editor.default\">\n\t\t\t\t<div class=\"elementor-widget-container\">\n\t\t\t\t\t\t\t<p><b>El alcohol puede afectar el funcionamiento de varias \u00e1reas del cerebro responsables del aprendizaje, la memoria, el lenguaje y la cognici\u00f3n.<\/b><\/p><p>El uso excesivo puede dificultar el aprendizaje, la adquisici\u00f3n de nuevos recuerdos, la resoluci\u00f3n de problemas, el pensamiento abstracto, la atenci\u00f3n y la concentraci\u00f3n. Los j\u00f3venes con estos problemas pueden desanimarse de ir a la escuela o la universidad y tambi\u00e9n tienen dificultades en las relaciones con sus compa\u00f1eros y profesores.<\/p><p>Los datos cient\u00edficos indican que el consumo de 4 a 6 copas est\u00e1ndar de alcohol en una sola ocasi\u00f3n (alrededor de 2 horas), aumenta la probabilidad de faltar a clases o abandonar los estudios en comparaci\u00f3n con no bebedores. Este tipo de uso tambi\u00e9n aumenta unas 3 veces la probabilidad de tener un bajo rendimiento escolar o problemas de conducta en la escuela, adem\u00e1s de aumentar la probabilidad de volverse dependiente.<\/p><p>Si deseas obtener m\u00e1s informaci\u00f3n, consulta la pesta\u00f1a Biblioteca y encontrar\u00e1s materiales \u00fatiles para padres, educadores, profesionales de la salud.<\/p>\t\t\t\t\t\t<\/div>\n\t\t\t\t<\/div>\n\t\t\t\t\t<\/div>\n\t\t<\/div>\n\t\t\t\t\t\t\t<\/div>\n\t\t<\/section>\n\t\t\t\t<section class=\"elementor-section elementor-top-section elementor-element elementor-element-65f7322 elementor-section-boxed elementor-section-height-default elementor-section-height-default\" data-id=\"65f7322\" data-element_type=\"section\">\n\t\t\t\t\t\t<div class=\"elementor-container elementor-column-gap-default\">\n\t\t\t\t\t<div class=\"elementor-column elementor-col-100 elementor-top-column elementor-element elementor-element-42fc43b\" data-id=\"42fc43b\" data-element_type=\"column\">\n\t\t\t<div class=\"elementor-widget-wrap\">\n\t\t\t\t\t\t\t\t\t<\/div>\n\t\t<\/div>\n\t\t\t\t\t\t\t<\/div>\n\t\t<\/section>\n\t\t\t\t\t\t\t<\/div>","protected":false},"excerpt":{"rendered":"<p>\u00c1lcool e educa\u00e7\u00e3o O \u00e1lcool pode prejudicar o funcionamento de diversas \u00e1reas cerebrais respons\u00e1veis pela aprendizagem, mem\u00f3ria, linguagem e cogni\u00e7\u00e3o. \u00a0 O uso excessivo pode dificultar o aprendizado, a aquisi\u00e7\u00e3o de novas mem\u00f3rias, a resolu\u00e7\u00e3o de problemas, os pensamentos abstratos, a aten\u00e7\u00e3o e a concentra\u00e7\u00e3o. Jovens com estes problemas podem se desestimular de ir \u00e0 [&hellip;]<\/p>","protected":false},"author":4,"featured_media":0,"parent":3724,"menu_order":0,"comment_status":"closed","ping_status":"closed","template":"","meta":{"footnotes":""},"acf":[],"_links":{"self":[{"href":"https:\/\/bebermenos.org.br\/es\/wp-json\/wp\/v2\/pages\/545"}],"collection":[{"href":"https:\/\/bebermenos.org.br\/es\/wp-json\/wp\/v2\/pages"}],"about":[{"href":"https:\/\/bebermenos.org.br\/es\/wp-json\/wp\/v2\/types\/page"}],"author":[{"embeddable":true,"href":"https:\/\/bebermenos.org.br\/es\/wp-json\/wp\/v2\/users\/4"}],"replies":[{"embeddable":true,"href":"https:\/\/bebermenos.org.br\/es\/wp-json\/wp\/v2\/comments?post=545"}],"version-history":[{"count":65,"href":"https:\/\/bebermenos.org.br\/es\/wp-json\/wp\/v2\/pages\/545\/revisions"}],"predecessor-version":[{"id":17614,"href":"https:\/\/bebermenos.org.br\/es\/wp-json\/wp\/v2\/pages\/545\/revisions\/17614"}],"up":[{"embeddable":true,"href":"https:\/\/bebermenos.org.br\/es\/wp-json\/wp\/v2\/pages\/3724"}],"wp:attachment":[{"href":"https:\/\/bebermenos.org.br\/es\/wp-json\/wp\/v2\/media?parent=545"}],"curies":[{"name":"wp","href":"https:\/\/api.w.org\/{rel}","templated":true}]}}