{"id":547,"date":"2021-07-06T17:06:00","date_gmt":"2021-07-06T20:06:00","guid":{"rendered":"https:\/\/afip-prod-brz-bebermenos.azurewebsites.net\/?page_id=547"},"modified":"2025-01-16T18:16:46","modified_gmt":"2025-01-16T21:16:46","slug":"uso-de-alcool-entre-jovens","status":"publish","type":"page","link":"https:\/\/bebermenos.org.br\/es\/fatos-sobre-o-alcool\/uso-de-alcool-entre-jovens\/","title":{"rendered":"Consumo de alcohol entre j\u00f3venes"},"content":{"rendered":"<div data-elementor-type=\"wp-page\" data-elementor-id=\"547\" class=\"elementor elementor-547\">\n\t\t\t\t\t\t\t\t\t<section class=\"elementor-section elementor-top-section elementor-element elementor-element-103ab06 elementor-section-boxed elementor-section-height-default elementor-section-height-default\" data-id=\"103ab06\" data-element_type=\"section\">\n\t\t\t\t\t\t<div class=\"elementor-container elementor-column-gap-default\">\n\t\t\t\t\t<div class=\"elementor-column elementor-col-100 elementor-top-column elementor-element elementor-element-df2da72\" data-id=\"df2da72\" data-element_type=\"column\">\n\t\t\t<div class=\"elementor-widget-wrap elementor-element-populated\">\n\t\t\t\t\t\t\t\t<div class=\"elementor-element elementor-element-d62c4e3 elementor-widget elementor-widget-heading\" data-id=\"d62c4e3\" data-element_type=\"widget\" data-widget_type=\"heading.default\">\n\t\t\t\t<div class=\"elementor-widget-container\">\n\t\t\t<h2 class=\"elementor-heading-title elementor-size-default\">Consumo de alcohol entre j\u00f3venes<\/h2>\t\t<\/div>\n\t\t\t\t<\/div>\n\t\t\t\t<div class=\"elementor-element elementor-element-ad06ff4 elementor-widget elementor-widget-text-editor\" data-id=\"ad06ff4\" data-element_type=\"widget\" data-widget_type=\"text-editor.default\">\n\t\t\t\t<div class=\"elementor-widget-container\">\n\t\t\t\t\t\t\t<p>El consumo de alcohol por parte de los j\u00f3venes est\u00e1 influido por la familia, los amigos, los medios de comunicaci\u00f3n, los h\u00e1bitos culturales o religiosos, y tambi\u00e9n por sus caracter\u00edsticas gen\u00e9ticas y psicol\u00f3gicas. Es muy importante saber que los riesgos del consumo de alcohol son a\u00fan mayores en la ni\u00f1ez y la adolescencia que en la edad adulta.\u00a0Los j\u00f3venes a\u00fan se est\u00e1n desarrollando, lo que aumenta el riesgo de da\u00f1o f\u00edsico, intelectual y psicol\u00f3gico.<\/p><h3><strong>Los j\u00f3venes son m\u00e1s propensos que los adultos a beber en situaciones de riesgo como:<\/strong><\/h3><ul><li>Consumir de forma excesiva alcohol (5 o 6 tragos en aproximadamente 2 horas);<\/li><li>Participar en \u201cjuegos\u201d, \u201cdesaf\u00edos\u201d y juegos con bebidas como \u201cfondo-fondo\u201d, \u201chidalgos\u201d \u201cpre-copeo\u201d etc.;<\/li><li>Comportarse agresivo\/a o conducir en estado de ebriedad, lo que podr\u00eda resultar en accidentes o lesiones;<\/li><li>Exponerse a situaciones de riesgo, como tener relaciones sexuales sin consentimiento y sin protecci\u00f3n o ser v\u00edctimas de robos.<\/li><\/ul><h3>Consejos para los padres:<\/h3><ul><li>Mant\u00e9n una relaci\u00f3n abierta y habla con tu hijo\/a para que te tenga confianza;<\/li><li>Habla con tus hijos\/as sobre los riesgos del consumo de alcohol, pero no de manera amenazante. Haz que lo piensen;<\/li><li>Hazle saber las reglas: recu\u00e9rdale que la edad legal permitida para beber alcohol es de 18 a\u00f1os o m\u00e1s;<\/li><li>Evita emborracharte delante de tus hijos\/as, ellos\/as aprenden con el ejemplo.<\/li><\/ul>\t\t\t\t\t\t<\/div>\n\t\t\t\t<\/div>\n\t\t\t\t\t<\/div>\n\t\t<\/div>\n\t\t\t\t\t\t\t<\/div>\n\t\t<\/section>\n\t\t\t\t\t\t\t<\/div>","protected":false},"excerpt":{"rendered":"<p>Uso de \u00e1lcool entre jovens O uso de \u00e1lcool por \u00a0jovens \u00e9 influenciado pela fam\u00edlia, amigos, m\u00eddias, h\u00e1bitos culturais ou religiosos e tamb\u00e9m por suas caracter\u00edsticas gen\u00e9ticas e psicol\u00f3gicas.\u00c9 muito importante saber que os riscos por uso de \u00e1lcool s\u00e3o ainda maiores na inf\u00e2ncia e adolesc\u00eancia do que na idade adulta. Os jovens ainda est\u00e3o [&hellip;]<\/p>","protected":false},"author":4,"featured_media":0,"parent":3724,"menu_order":0,"comment_status":"closed","ping_status":"closed","template":"","meta":{"footnotes":""},"acf":[],"_links":{"self":[{"href":"https:\/\/bebermenos.org.br\/es\/wp-json\/wp\/v2\/pages\/547"}],"collection":[{"href":"https:\/\/bebermenos.org.br\/es\/wp-json\/wp\/v2\/pages"}],"about":[{"href":"https:\/\/bebermenos.org.br\/es\/wp-json\/wp\/v2\/types\/page"}],"author":[{"embeddable":true,"href":"https:\/\/bebermenos.org.br\/es\/wp-json\/wp\/v2\/users\/4"}],"replies":[{"embeddable":true,"href":"https:\/\/bebermenos.org.br\/es\/wp-json\/wp\/v2\/comments?post=547"}],"version-history":[{"count":47,"href":"https:\/\/bebermenos.org.br\/es\/wp-json\/wp\/v2\/pages\/547\/revisions"}],"predecessor-version":[{"id":19292,"href":"https:\/\/bebermenos.org.br\/es\/wp-json\/wp\/v2\/pages\/547\/revisions\/19292"}],"up":[{"embeddable":true,"href":"https:\/\/bebermenos.org.br\/es\/wp-json\/wp\/v2\/pages\/3724"}],"wp:attachment":[{"href":"https:\/\/bebermenos.org.br\/es\/wp-json\/wp\/v2\/media?parent=547"}],"curies":[{"name":"wp","href":"https:\/\/api.w.org\/{rel}","templated":true}]}}