{"id":549,"date":"2021-07-06T17:10:28","date_gmt":"2021-07-06T20:10:28","guid":{"rendered":"https:\/\/afip-prod-brz-bebermenos.azurewebsites.net\/?page_id=549"},"modified":"2024-06-20T07:20:39","modified_gmt":"2024-06-20T10:20:39","slug":"o-que-o-alcool-faz-com-voce","status":"publish","type":"page","link":"https:\/\/bebermenos.org.br\/es\/fatos-sobre-o-alcool\/o-que-o-alcool-faz-com-voce\/","title":{"rendered":"\u00bfQu\u00e9 te hace el alcohol?"},"content":{"rendered":"<div data-elementor-type=\"wp-page\" data-elementor-id=\"549\" class=\"elementor elementor-549\">\n\t\t\t\t\t\t\t\t\t<section class=\"elementor-section elementor-top-section elementor-element elementor-element-635a6a8 elementor-section-boxed elementor-section-height-default elementor-section-height-default\" data-id=\"635a6a8\" data-element_type=\"section\">\n\t\t\t\t\t\t<div class=\"elementor-container elementor-column-gap-default\">\n\t\t\t\t\t<div class=\"elementor-column elementor-col-100 elementor-top-column elementor-element elementor-element-0f4a08d\" data-id=\"0f4a08d\" data-element_type=\"column\">\n\t\t\t<div class=\"elementor-widget-wrap elementor-element-populated\">\n\t\t\t\t\t\t\t\t<div class=\"elementor-element elementor-element-376190b elementor-widget elementor-widget-heading\" data-id=\"376190b\" data-element_type=\"widget\" data-widget_type=\"heading.default\">\n\t\t\t\t<div class=\"elementor-widget-container\">\n\t\t\t<h2 class=\"elementor-heading-title elementor-size-default\">\u00bfQu\u00e9 te hace el alcohol?<\/h2>\t\t<\/div>\n\t\t\t\t<\/div>\n\t\t\t\t<div class=\"elementor-element elementor-element-0fa64c6 elementor-widget elementor-widget-text-editor\" data-id=\"0fa64c6\" data-element_type=\"widget\" data-widget_type=\"text-editor.default\">\n\t\t\t\t<div class=\"elementor-widget-container\">\n\t\t\t\t\t\t\t<p>El consumo excesivo de alcohol puede provocar problemas de salud graves (consulta a continuaci\u00f3n una lista de los problemas m\u00e1s comunes), problemas mentales (depresi\u00f3n y psicosis), as\u00ed como problemas sociales. Las dificultades en la escuela, el trabajo, la familia, los amigos y la ley son comunes entre las personas que beben.<\/p><p>Algunas formas en que el alcohol afecta tu salud f\u00edsica:<\/p><ul><li><strong>Ojos:<\/strong> El uso prolongado y las altas dosis de alcohol pueden producir neuritis \u00f3ptica y, en algunos casos, ceguera. Esto se debe a que la ingesta de alcohol causa deficiencia de vitamina B1 y zinc.<\/li><li><strong>Coraz\u00f3n:<\/strong> la miocardiopat\u00eda (inflamaci\u00f3n del m\u00fasculo card\u00edaco) es com\u00fan en los consumidores de alcohol. Los s\u00edntomas incluyen dolor en el pecho, palpitaciones, tos, fatiga y dificultad para respirar. El alcohol tambi\u00e9n est\u00e1 relacionado con arritmias que, en casos m\u00e1s graves, conducen a un paro card\u00edaco.<\/li><li><strong>Colon\/Intestino Grueso:<\/strong> El c\u00e1ncer de colon o intestino grueso se ha relacionado con el consumo de cerveza; un estudio reciente indic\u00f3 que beber solo dos vasos reduce o elimina cualquier efecto positivo de una dieta correcta.<\/li><li><strong>Intestino Delgado:<\/strong> Altas cantidades de alcohol pueden causar lesiones hemorr\u00e1gicas en la pared del intestino delgado, afectando las contracciones del intestino, dando lugar a diarrea. Los efectos del alcohol en el intestino delgado desaparecen de 2 a 6 semanas despu\u00e9s de la abstinencia de alcohol.<\/li><\/ul><p>El uso cr\u00f3nico tambi\u00e9n puede provocar anomal\u00edas en la forma en que el cuerpo procesa los nutrientes. Los niveles bajos de hierro, zinc, vitamina E y algunas vitaminas B son comunes en personas que beben en exceso y se han asociado con algunos tipos de c\u00e1ncer. En cuanto a los niveles de vitamina A, se cree que tiene propiedades protectoras contra algunos tipos de c\u00e1ncer, pero se reducen en el h\u00edgado y el es\u00f3fago de los bebedores.<\/p><ul><li><strong>V\u00edas respiratorias:<\/strong> los ronquidos son comunes despu\u00e9s de beber alcohol. Esto se debe a los efectos relajantes del alcohol sobre los m\u00fasculos far\u00edngeos.<\/li><li><strong>\u00d3rganos sexuales:<\/strong> el alcohol provoca una divisi\u00f3n r\u00e1pida de las c\u00e9lulas reproductivas y aumenta los niveles de acidez en estos tejidos, lo que puede afectar la fertilidad.<\/li><li><strong>Inmunidad:<\/strong> el alcohol se ha relacionado con la supresi\u00f3n del sistema inmunol\u00f3gico, lo que hace que el usuario cr\u00f3nico sea m\u00e1s susceptible a diversas enfermedades infecciosas y c\u00e1ncer. El consumo tambi\u00e9n aumenta el riesgo de neumon\u00eda y tuberculosis.<\/li><li><strong>Boca:<\/strong> El consumo regular de alcohol aumenta el riesgo de c\u00e1ncer de boca. Aproximadamente el 50% de los diagn\u00f3sticos de c\u00e1ncer de boca, faringe (am\u00edgdalas) y laringe est\u00e1n asociados con el consumo excesivo de alcohol. Si el individuo bebe y fuma, el riesgo de c\u00e1ncer aumenta considerablemente.<\/li><li><strong>H\u00edgado:<\/strong> el h\u00edgado es el encargado de eliminar el 95% del alcohol ingerido. Para las personas que consumen 5 bebidas alcoh\u00f3licas por d\u00eda, el riesgo de cirrosis hep\u00e1tica es 5 veces mayor que el de los no bebedores. Las mujeres tienen un riesgo a\u00fan mayor de cirrosis hep\u00e1tica en comparaci\u00f3n con los hombres.<\/li><\/ul>\t\t\t\t\t\t<\/div>\n\t\t\t\t<\/div>\n\t\t\t\t\t<\/div>\n\t\t<\/div>\n\t\t\t\t\t\t\t<\/div>\n\t\t<\/section>\n\t\t\t\t<section class=\"elementor-section elementor-top-section elementor-element elementor-element-ce9b7ab elementor-section-boxed elementor-section-height-default elementor-section-height-default\" data-id=\"ce9b7ab\" data-element_type=\"section\">\n\t\t\t\t\t\t<div class=\"elementor-container elementor-column-gap-default\">\n\t\t\t\t\t<div class=\"elementor-column elementor-col-100 elementor-top-column elementor-element elementor-element-6e13026\" data-id=\"6e13026\" data-element_type=\"column\">\n\t\t\t<div class=\"elementor-widget-wrap elementor-element-populated\">\n\t\t\t\t\t\t\t\t<div class=\"elementor-element elementor-element-473879c elementor-widget elementor-widget-text-editor\" data-id=\"473879c\" data-element_type=\"widget\" data-widget_type=\"text-editor.default\">\n\t\t\t\t<div class=\"elementor-widget-container\">\n\t\t\t\t\t\t\t\t\t\t\t\t\t<\/div>\n\t\t\t\t<\/div>\n\t\t\t\t\t<\/div>\n\t\t<\/div>\n\t\t\t\t\t\t\t<\/div>\n\t\t<\/section>\n\t\t\t\t\t\t\t<\/div>","protected":false},"excerpt":{"rendered":"<p>O que o \u00e1lcool faz com voc\u00ea O uso excessivo de \u00e1lcool pode resultar em diversos problemas graves de sa\u00fade (veja abaixo a lista com os problemas mais frequentes), problemas mentais (depress\u00e3o e quadros psic\u00f3ticos), al\u00e9m de problemas sociais. Dificuldades na escola, no trabalho, com a fam\u00edlia, com os amigos e com a lei s\u00e3o [&hellip;]<\/p>","protected":false},"author":4,"featured_media":0,"parent":3724,"menu_order":0,"comment_status":"closed","ping_status":"closed","template":"","meta":{"footnotes":""},"acf":[],"_links":{"self":[{"href":"https:\/\/bebermenos.org.br\/es\/wp-json\/wp\/v2\/pages\/549"}],"collection":[{"href":"https:\/\/bebermenos.org.br\/es\/wp-json\/wp\/v2\/pages"}],"about":[{"href":"https:\/\/bebermenos.org.br\/es\/wp-json\/wp\/v2\/types\/page"}],"author":[{"embeddable":true,"href":"https:\/\/bebermenos.org.br\/es\/wp-json\/wp\/v2\/users\/4"}],"replies":[{"embeddable":true,"href":"https:\/\/bebermenos.org.br\/es\/wp-json\/wp\/v2\/comments?post=549"}],"version-history":[{"count":38,"href":"https:\/\/bebermenos.org.br\/es\/wp-json\/wp\/v2\/pages\/549\/revisions"}],"predecessor-version":[{"id":16357,"href":"https:\/\/bebermenos.org.br\/es\/wp-json\/wp\/v2\/pages\/549\/revisions\/16357"}],"up":[{"embeddable":true,"href":"https:\/\/bebermenos.org.br\/es\/wp-json\/wp\/v2\/pages\/3724"}],"wp:attachment":[{"href":"https:\/\/bebermenos.org.br\/es\/wp-json\/wp\/v2\/media?parent=549"}],"curies":[{"name":"wp","href":"https:\/\/api.w.org\/{rel}","templated":true}]}}