{"id":555,"date":"2021-07-06T17:12:39","date_gmt":"2021-07-06T20:12:39","guid":{"rendered":"https:\/\/afip-prod-brz-bebermenos.azurewebsites.net\/?page_id=555"},"modified":"2022-10-26T10:25:18","modified_gmt":"2022-10-26T13:25:18","slug":"ajuda-on-line","status":"publish","type":"page","link":"https:\/\/bebermenos.org.br\/es\/precisa-de-ajuda\/ajuda-on-line\/","title":{"rendered":"Ajuda On Line"},"content":{"rendered":"<div data-elementor-type=\"wp-page\" data-elementor-id=\"555\" class=\"elementor elementor-555\">\n\t\t\t\t\t\t\t\t\t<section class=\"elementor-section elementor-top-section elementor-element elementor-element-75009bf elementor-section-boxed elementor-section-height-default elementor-section-height-default\" data-id=\"75009bf\" data-element_type=\"section\">\n\t\t\t\t\t\t<div class=\"elementor-container elementor-column-gap-default\">\n\t\t\t\t\t<div class=\"elementor-column elementor-col-100 elementor-top-column elementor-element elementor-element-187b2a7\" data-id=\"187b2a7\" data-element_type=\"column\">\n\t\t\t<div class=\"elementor-widget-wrap elementor-element-populated\">\n\t\t\t\t\t\t\t\t<div class=\"elementor-element elementor-element-56f61ed elementor-widget elementor-widget-heading\" data-id=\"56f61ed\" data-element_type=\"widget\" data-widget_type=\"heading.default\">\n\t\t\t\t<div class=\"elementor-widget-container\">\n\t\t\t<h2 class=\"elementor-heading-title elementor-size-default\">Ajuda online<\/h2>\t\t<\/div>\n\t\t\t\t<\/div>\n\t\t\t\t\t<\/div>\n\t\t<\/div>\n\t\t\t\t\t\t\t<\/div>\n\t\t<\/section>\n\t\t\t\t<section class=\"elementor-section elementor-top-section elementor-element elementor-element-c259fc2 elementor-section-boxed elementor-section-height-default elementor-section-height-default\" data-id=\"c259fc2\" data-element_type=\"section\">\n\t\t\t\t\t\t<div class=\"elementor-container elementor-column-gap-default\">\n\t\t\t\t\t<div class=\"elementor-column elementor-col-100 elementor-top-column elementor-element elementor-element-7e93cd8\" data-id=\"7e93cd8\" data-element_type=\"column\">\n\t\t\t<div class=\"elementor-widget-wrap elementor-element-populated\">\n\t\t\t\t\t\t\t\t<div class=\"elementor-element elementor-element-cb1520e elementor-widget elementor-widget-text-editor\" data-id=\"cb1520e\" data-element_type=\"widget\" data-widget_type=\"text-editor.default\">\n\t\t\t\t<div class=\"elementor-widget-container\">\n\t\t\t\t\t\t\t<p><span data-contrast=\"auto\">Conhe\u00e7a o Bebermenos.<\/span><\/p><p><span data-contrast=\"auto\">\u00a1Es un programa de actividades de 6 semanas para ayudarte a reducir tu consumo de alcohol o dejar de beber! <\/span><span data-ccp-props=\"{\">El programa es GRATUITO, con resultados comprobados por estudios cient\u00edficos.<\/span><\/p><p><span style=\"color: var( --e-global-color-text ); font-family: var( --e-global-typography-text-font-family ), Sans-serif; font-size: var( --e-global-typography-text-font-size );\">En \u00e9l aprender\u00e1s a:\u00a0<\/span><\/p><ol><li>Conhecer seus h\u00e1bitos e avaliar quanto, como, com quem \u00a0e \u00a0porque bebe;<\/li><li>Identificar situaciones de riesgo de uso excesivo y c\u00f3mo evitarlas;<\/li><li>Enfrentar las ganas de beber;<\/li><li>Desarrollar estrategias para reducir tu consumo y los problemas asociados;<\/li><li>Comprender los problemas causados por el consumo de alcohol y aumentar tu motivaci\u00f3n para cambiar tus h\u00e1bitos.\u00a0<\/li><\/ol><p><span data-contrast=\"auto\">Veja neste <\/span><a href=\"#\">v\u00eddeo<\/a><span data-contrast=\"auto\">\u00a0<a href=\"#\">demonstrativo <\/a>como funciona o programa Bebermenos.\u00a0<\/span><\/p><p>Se voc\u00ea concordar em participar do estudo cient\u00edfico para &#8220;Avalia\u00e7\u00e3o da ades\u00e3o e efetividade da Interven\u00e7\u00e3o Virtual Bebermenos&#8221;,<span style=\"color: var( --e-global-color-text ); font-family: var( --e-global-typography-text-font-family ), Sans-serif; font-size: var( --e-global-typography-text-font-size );\">\u00a0aprovado pelo Comit\u00ea de \u00c9tica em Pesquisa da UNIFESP (projeto:0065\/2021 CAAE: 42205021.6.0000.5505 parecer 4.725.474) al\u00e9m de usufruir do programa no computador poder\u00e1 ser sorteado (50% de chance) para receber 3 sess\u00f5es de orienta\u00e7\u00e3o gratuitas de forma online. As informa\u00e7\u00f5es coletadas ao longo do estudo ser\u00e3o utilizadas mantendo o sigilo de sua identidade, n\u00e3o compartilhadas com terceiros e nem usadas para fins comerciais.\u00a0<\/span>Para conocer los detalles del estudio haz <a href=\"#\" target=\"_blank\" rel=\"noopener\">clic aqu\u00ed<\/a>.<\/p><p>Para saber se o seu uso de \u00e1lcool \u00e9 de risco ou sugestivo de depend\u00eancia fa\u00e7a um<a style=\"font-family: var( --e-global-typography-text-font-family ), Sans-serif; font-size: var( --e-global-typography-text-font-size );\" href=\"https:\/\/afip-prod-brz-informalcool.azurewebsites.net\/alcool-e-voce\/audit-c\/\" target=\"_blank\" rel=\"noopener\"> teste r\u00e1pido de apenas 3 quest\u00f5es <\/a><a style=\"font-family: var( --e-global-typography-text-font-family ), Sans-serif; font-size: var( --e-global-typography-text-font-size );\" href=\"https:\/\/afip-prod-brz-informalcool.azurewebsites.net\/alcool-e-voce\/audit-c\/\" target=\"_blank\" rel=\"noopener\">(AUDIT-C)<\/a> e receba na hora a resposta.<\/p><p><span style=\"color: var( --e-global-color-text ); font-family: var( --e-global-typography-text-font-family ), Sans-serif; font-size: var( --e-global-typography-text-font-size );\">Se voc\u00ea \u00e9 um profissional de sa\u00fade ou assist\u00eancia social e cuida de pessoas com problemas \u00a0relacionados ao uso de \u00e1lcool ou tem amigos ou familiares com estes problemas visite nossa <\/span><a style=\"font-family: var( --e-global-typography-text-font-family ), Sans-serif; font-size: var( --e-global-typography-text-font-size );\" href=\"https:\/\/afip-prod-brz-informalcool.azurewebsites.net\/para-profissionais\/biblioteca-e-literatura-cientifica\/?preview_id=634&amp;preview_nonce=b2bc9b6771&amp;preview=true\">biblioteca<\/a><span style=\"color: var( --e-global-color-text ); font-family: var( --e-global-typography-text-font-family ), Sans-serif; font-size: var( --e-global-typography-text-font-size );\" data-contrast=\"auto\"> donde encontrar\u00e1s materiales con informaci\u00f3n importante sobre los efectos del alcohol y c\u00f3mo hablar con las personas que tienen un consumo riesgoso de alcohol o que son dependientes del alcohol.<\/span><\/p><p>Para registrarte haz <a href=\"#\">clique aqui.<\/a><\/p><p>\u00a0<\/p><p>\u00a0<\/p>\t\t\t\t\t\t<\/div>\n\t\t\t\t<\/div>\n\t\t\t\t\t<\/div>\n\t\t<\/div>\n\t\t\t\t\t\t\t<\/div>\n\t\t<\/section>\n\t\t\t\t\t\t\t<\/div>","protected":false},"excerpt":{"rendered":"<p>Ajuda online Conhe\u00e7a o Bebermenos. \u00c9 um programa de atividades de 6 semanas para ajudar voc\u00ea a reduzir seu consumo de \u00e1lcool ou parar de beber! O programa \u00e9 GRATUITO, com resultados comprovados por\u00a0estudo cient\u00edfico. Nele voc\u00ea aprender\u00e1 a:\u00a0 Conhecer seus h\u00e1bitos e avaliar quanto, como, com quem \u00a0e \u00a0porque bebe; Reconhecer as situa\u00e7\u00f5es de [&hellip;]<\/p>","protected":false},"author":4,"featured_media":0,"parent":3726,"menu_order":0,"comment_status":"closed","ping_status":"closed","template":"","meta":{"footnotes":""},"acf":[],"_links":{"self":[{"href":"https:\/\/bebermenos.org.br\/es\/wp-json\/wp\/v2\/pages\/555"}],"collection":[{"href":"https:\/\/bebermenos.org.br\/es\/wp-json\/wp\/v2\/pages"}],"about":[{"href":"https:\/\/bebermenos.org.br\/es\/wp-json\/wp\/v2\/types\/page"}],"author":[{"embeddable":true,"href":"https:\/\/bebermenos.org.br\/es\/wp-json\/wp\/v2\/users\/4"}],"replies":[{"embeddable":true,"href":"https:\/\/bebermenos.org.br\/es\/wp-json\/wp\/v2\/comments?post=555"}],"version-history":[{"count":20,"href":"https:\/\/bebermenos.org.br\/es\/wp-json\/wp\/v2\/pages\/555\/revisions"}],"predecessor-version":[{"id":3979,"href":"https:\/\/bebermenos.org.br\/es\/wp-json\/wp\/v2\/pages\/555\/revisions\/3979"}],"up":[{"embeddable":true,"href":"https:\/\/bebermenos.org.br\/es\/wp-json\/wp\/v2\/pages\/3726"}],"wp:attachment":[{"href":"https:\/\/bebermenos.org.br\/es\/wp-json\/wp\/v2\/media?parent=555"}],"curies":[{"name":"wp","href":"https:\/\/api.w.org\/{rel}","templated":true}]}}