{"id":561,"date":"2021-07-06T17:14:08","date_gmt":"2021-07-06T20:14:08","guid":{"rendered":"https:\/\/afip-prod-brz-bebermenos.azurewebsites.net\/?page_id=561"},"modified":"2025-04-09T12:44:41","modified_gmt":"2025-04-09T15:44:41","slug":"instituicoes-que-tratam-de-dependentes-de-alcool","status":"publish","type":"page","link":"https:\/\/bebermenos.org.br\/es\/precisa-de-ajuda\/instituicoes-que-tratam-de-dependentes-de-alcool\/","title":{"rendered":"Las instituciones que se ocupan de personas dependientes del alcohol"},"content":{"rendered":"<div data-elementor-type=\"wp-page\" data-elementor-id=\"561\" class=\"elementor elementor-561\">\n\t\t\t\t\t\t\t\t\t<section class=\"elementor-section elementor-top-section elementor-element elementor-element-6afeb2d elementor-section-boxed elementor-section-height-default elementor-section-height-default\" data-id=\"6afeb2d\" data-element_type=\"section\">\n\t\t\t\t\t\t<div class=\"elementor-container elementor-column-gap-default\">\n\t\t\t\t\t<div class=\"elementor-column elementor-col-100 elementor-top-column elementor-element elementor-element-00bbb06\" data-id=\"00bbb06\" data-element_type=\"column\">\n\t\t\t<div class=\"elementor-widget-wrap elementor-element-populated\">\n\t\t\t\t\t\t\t\t<div class=\"elementor-element elementor-element-e177a1b elementor-widget elementor-widget-heading\" data-id=\"e177a1b\" data-element_type=\"widget\" data-widget_type=\"heading.default\">\n\t\t\t\t<div class=\"elementor-widget-container\">\n\t\t\t<style>.elementor-element-e177a1b{display:none !important}<\/style>\t\t<\/div>\n\t\t\t\t<\/div>\n\t\t\t\t<div class=\"elementor-element elementor-element-d4463ec elementor-widget elementor-widget-text-editor\" data-id=\"d4463ec\" data-element_type=\"widget\" data-widget_type=\"text-editor.default\">\n\t\t\t\t<div class=\"elementor-widget-container\">\n\t\t\t<style>.elementor-element-d4463ec{display:none !important}<\/style>\t\t<\/div>\n\t\t\t\t<\/div>\n\t\t\t\t<div class=\"elementor-element elementor-element-baab230 elementor-tabs-view-horizontal elementor-widget elementor-widget-tabs\" data-id=\"baab230\" data-element_type=\"widget\" data-no-translation=\"\" data-widget_type=\"tabs.default\">\n\t\t\t\t<div class=\"elementor-widget-container\">\n\t\t\t<style>.elementor-element-baab230{display:none !important}<\/style>\t\t<\/div>\n\t\t\t\t<\/div>\n\t\t\t\t<div class=\"elementor-element elementor-element-a227290 elementor-widget elementor-widget-text-editor\" data-id=\"a227290\" data-element_type=\"widget\" data-no-translation=\"\" data-widget_type=\"text-editor.default\">\n\t\t\t\t<div class=\"elementor-widget-container\">\n\t\t\t<style>.elementor-element-a227290{display:none !important}<\/style>\t\t<\/div>\n\t\t\t\t<\/div>\n\t\t\t\t\t<\/div>\n\t\t<\/div>\n\t\t\t\t\t\t\t<\/div>\n\t\t<\/section>\n\t\t\t\t<section class=\"elementor-section elementor-top-section elementor-element elementor-element-997a53a elementor-section-boxed elementor-section-height-default elementor-section-height-default\" data-id=\"997a53a\" data-element_type=\"section\">\n\t\t\t\t\t\t<div class=\"elementor-container elementor-column-gap-default\">\n\t\t\t\t\t<div class=\"elementor-column elementor-col-100 elementor-top-column elementor-element elementor-element-e0e3dea\" data-id=\"e0e3dea\" data-element_type=\"column\">\n\t\t\t<div class=\"elementor-widget-wrap elementor-element-populated\">\n\t\t\t\t\t\t\t\t<div class=\"elementor-element elementor-element-4b97998 elementor-widget elementor-widget-heading\" data-id=\"4b97998\" data-element_type=\"widget\" data-widget_type=\"heading.default\">\n\t\t\t\t<div class=\"elementor-widget-container\">\n\t\t\t<h2 class=\"elementor-heading-title elementor-size-default\">Centros Comunitarios de Salud Mental y Adicciones (UNEME-CECOSAMA)<\/h2>\t\t<\/div>\n\t\t\t\t<\/div>\n\t\t\t\t<div class=\"elementor-element elementor-element-d972466 elementor-widget elementor-widget-text-editor\" data-id=\"d972466\" data-element_type=\"widget\" data-widget_type=\"text-editor.default\">\n\t\t\t\t<div class=\"elementor-widget-container\">\n\t\t\t\t\t\t\t<p>Los UNEME-CECOSAMA son unidades que brindan servicios gratuitos, dirigidos a prevenir y atender el uso y abuso de sustancias adictivas.<\/p><p><span style=\"color: #171923; font-family: Manrope, sans-serif; font-weight: 600;\">\u00bfPara qu\u00e9 existen los UNEME-CECOSAMA?<\/span><\/p><h3><span style=\"color: #2e2e2e; font-family: Poppins, sans-serif; font-weight: 400;\">Para ofrecer a la comunidad un modelo de intervenci\u00f3n temprana contra las adicciones que contemple desde la prevenci\u00f3n del consumo de sustancias con potencial adictivo y la promoci\u00f3n de la salud mental, hasta el tratamiento breve, ambulatorio, accesible y de calidad.<\/span><\/h3><p>Se otorga prioridad a la detecci\u00f3n temprana de personas con mayor vulnerabilidad, consumidores experimentales y sus familias, para evitar el desarrollo de trastornos por abuso o dependencia.<\/p><h3><strong>Servicios<\/strong><\/h3><ul><li>Prevenci\u00f3n: El objetivo de las acciones preventivas es informar a la poblaci\u00f3n acerca de los efectos, riesgos y consecuencias del uso de sustancias adictivas, de las estrategias para prevenir el consumo, as\u00ed como de los servicios especializados para la atenci\u00f3n de las adicciones.<\/li><li>Tratamiento: El objetivo del tratamiento es ayudar a los usuarios de sustancias adictivas y a sus familiares a desarrollar y aplicar estrategias para modificar la conducta de consumo y los problemas derivados.<\/li><\/ul><p><strong>Directorio Nacional de los Centros de Comunitarios de Salud Mental y Adicciones<\/strong><\/p><p><a href=\"http:\/\/www.cij.gob.mx\/redatencion\/redatencionl.asp\" target=\"_blank\" rel=\"noopener\">Directorio de Centros de Integraci\u00f3n Juvenil en la Rep\u00fablica Mexicana<\/a><\/p><p><strong>Centro de Salud Mental y Adicciones en la Comunidad (CESAMAC)<\/strong><br \/>Rep\u00fablica de Venezuela No. 72, esquina con Rodr\u00edguez Puebla, Altos del Mercado \u201cAbelardo L. Rodr\u00edguez\u201d, Colonia Centro, Alcald\u00eda Cuauht\u00e9moc, Ciudad de M\u00e9xico C. P. 06010<\/p><p><strong><span style=\"text-decoration: underline;\">Horario de Atenci\u00f3n<\/span><\/strong><br \/>Lunes a viernes de 8:00 a 16:00. M\u00f3dulo de Recepci\u00f3n y Caja cierran a las 15:30 horas. El CESAMAC cierra a las 16:00 horas.<br \/>Informes: 55-4160-2268 y 55-4169-2269<\/p>\t\t\t\t\t\t<\/div>\n\t\t\t\t<\/div>\n\t\t\t\t\t<\/div>\n\t\t<\/div>\n\t\t\t\t\t\t\t<\/div>\n\t\t<\/section>\n\t\t\t\t\t\t\t<\/div>","protected":false},"excerpt":{"rendered":"<p>Centros de Aten\u00e7\u00e3o Psicossocial &#8211; CAPS Os CAPS tem um papel estrat\u00e9gico na articula\u00e7\u00e3o, assist\u00eancia e regula\u00e7\u00e3o da rede de sa\u00fade. Segundo o Minist\u00e9rio da Sa\u00fade, os CAPS \u201cs\u00e3o pontos de aten\u00e7\u00e3o estrat\u00e9gica da Rede de Aten\u00e7\u00e3o Psicossocial (RAPS) &#8211;\u00a0 unidades que prestam servi\u00e7os de sa\u00fade de car\u00e1ter aberto e comunit\u00e1rio, constitu\u00eddo por equipe multiprofissional [&hellip;]<\/p>","protected":false},"author":4,"featured_media":0,"parent":3726,"menu_order":0,"comment_status":"closed","ping_status":"closed","template":"","meta":{"footnotes":""},"acf":[],"_links":{"self":[{"href":"https:\/\/bebermenos.org.br\/es\/wp-json\/wp\/v2\/pages\/561"}],"collection":[{"href":"https:\/\/bebermenos.org.br\/es\/wp-json\/wp\/v2\/pages"}],"about":[{"href":"https:\/\/bebermenos.org.br\/es\/wp-json\/wp\/v2\/types\/page"}],"author":[{"embeddable":true,"href":"https:\/\/bebermenos.org.br\/es\/wp-json\/wp\/v2\/users\/4"}],"replies":[{"embeddable":true,"href":"https:\/\/bebermenos.org.br\/es\/wp-json\/wp\/v2\/comments?post=561"}],"version-history":[{"count":113,"href":"https:\/\/bebermenos.org.br\/es\/wp-json\/wp\/v2\/pages\/561\/revisions"}],"predecessor-version":[{"id":20289,"href":"https:\/\/bebermenos.org.br\/es\/wp-json\/wp\/v2\/pages\/561\/revisions\/20289"}],"up":[{"embeddable":true,"href":"https:\/\/bebermenos.org.br\/es\/wp-json\/wp\/v2\/pages\/3726"}],"wp:attachment":[{"href":"https:\/\/bebermenos.org.br\/es\/wp-json\/wp\/v2\/media?parent=561"}],"curies":[{"name":"wp","href":"https:\/\/api.w.org\/{rel}","templated":true}]}}