{"id":565,"date":"2021-07-06T17:16:47","date_gmt":"2021-07-06T20:16:47","guid":{"rendered":"https:\/\/afip-prod-brz-bebermenos.azurewebsites.net\/?page_id=565"},"modified":"2024-06-19T15:33:18","modified_gmt":"2024-06-19T18:33:18","slug":"para-quem-e","status":"publish","type":"page","link":"https:\/\/bebermenos.org.br\/es\/sobre-o-programa\/para-quem-e\/","title":{"rendered":"\u00bfPara qui\u00e9n?"},"content":{"rendered":"<div data-elementor-type=\"wp-page\" data-elementor-id=\"565\" class=\"elementor elementor-565\">\n\t\t\t\t\t\t\t\t\t<section class=\"elementor-section elementor-top-section elementor-element elementor-element-94578ae elementor-section-boxed elementor-section-height-default elementor-section-height-default\" data-id=\"94578ae\" data-element_type=\"section\">\n\t\t\t\t\t\t<div class=\"elementor-container elementor-column-gap-default\">\n\t\t\t\t\t<div class=\"elementor-column elementor-col-100 elementor-top-column elementor-element elementor-element-e4ab6f0\" data-id=\"e4ab6f0\" data-element_type=\"column\">\n\t\t\t<div class=\"elementor-widget-wrap elementor-element-populated\">\n\t\t\t\t\t\t\t\t<div class=\"elementor-element elementor-element-0a2370f elementor-widget elementor-widget-heading\" data-id=\"0a2370f\" data-element_type=\"widget\" data-widget_type=\"heading.default\">\n\t\t\t\t<div class=\"elementor-widget-container\">\n\t\t\t<h2 class=\"elementor-heading-title elementor-size-default\">\u00bfPara qui\u00e9n?<\/h2>\t\t<\/div>\n\t\t\t\t<\/div>\n\t\t\t\t<div class=\"elementor-element elementor-element-7760f13 elementor-widget elementor-widget-heading\" data-id=\"7760f13\" data-element_type=\"widget\" data-widget_type=\"heading.default\">\n\t\t\t\t<div class=\"elementor-widget-container\">\n\t\t\t<h2 class=\"elementor-heading-title elementor-size-default\">Este Programa es para TI si:<\/h2>\t\t<\/div>\n\t\t\t\t<\/div>\n\t\t\t\t<div class=\"elementor-element elementor-element-f4a9cb1 elementor-widget elementor-widget-text-editor\" data-id=\"f4a9cb1\" data-element_type=\"widget\" data-widget_type=\"text-editor.default\">\n\t\t\t\t<div class=\"elementor-widget-container\">\n\t\t\t\t\t\t\t<ul><li>Tienes 18 a\u00f1os o m\u00e1s<\/li><li>Bebes alcohol<\/li><li>Est\u00e1s interesado\/a o preocupado\/a\u00a0por tu consumo de alcohol<\/li><li>\u00a0Tienes familia o amigos\/as que\u00a0quieren que reduzcas tu consumo de\u00a0alcohol o que dejes de beber<\/li><li>Est\u00e1s teniendo problemas de salud u otros problemas por el consumo de\u00a0alcohol<\/li><li>Quieres demostrarte a ti mismo\/a que\u00a0puedes vivir con menos alcohol<\/li><li>Tienes un fuerte deseo de beber que\u00a0te est\u00e1 impidiendo concentrarte en\u00a0otras cosas<\/li><li>Has tenido accidentes en el trabajo o\u00a0al volante por la bebida<\/li><li>Est\u00e1s teniendo problemas en el\u00a0trabajo por la bebida<\/li><li>Todav\u00eda dudas si quieres reducir tu\u00a0consumo de alcohol o dejar de beber.<\/li><\/ul><p>Eval\u00faa si tu consumo de alcohol es de\u00a0riesgo respondiendo las preguntas del\u00a0<a href=\"https:\/\/informalcool.org.br\/es\/alcool-e-voce\/audit-c\/\" target=\"_blank\" rel=\"noopener\">AUDIT-C<\/a>, \u00a1solo son 3 preguntas!<\/p>\t\t\t\t\t\t<\/div>\n\t\t\t\t<\/div>\n\t\t\t\t<div class=\"elementor-element elementor-element-0c59511 elementor-widget elementor-widget-heading\" data-id=\"0c59511\" data-element_type=\"widget\" data-widget_type=\"heading.default\">\n\t\t\t\t<div class=\"elementor-widget-container\">\n\t\t\t<h2 class=\"elementor-heading-title elementor-size-default\">Para participar en el programa Bebermenos necesitas:<\/h2>\t\t<\/div>\n\t\t\t\t<\/div>\n\t\t\t\t<div class=\"elementor-element elementor-element-6777cf3 elementor-widget elementor-widget-text-editor\" data-id=\"6777cf3\" data-element_type=\"widget\" data-widget_type=\"text-editor.default\">\n\t\t\t\t<div class=\"elementor-widget-container\">\n\t\t\t\t\t\t\t<ul><li data-leveltext=\"\uf0b7\" data-font=\"Symbol\" data-listid=\"233\" aria-setsize=\"-1\" data-aria-posinset=\"12\" data-aria-level=\"1\"><span data-contrast=\"auto\">Tener acceso a internet al menos una vez a la semana;<\/span><\/li><li data-leveltext=\"\uf0b7\" data-font=\"Symbol\" data-listid=\"233\" aria-setsize=\"-1\" data-aria-posinset=\"12\" data-aria-level=\"1\"><span data-contrast=\"auto\">No haber consumido drogas il\u00edcitas o sedantes durante 4 d\u00edas o m\u00e1s durante el \u00faltimo mes;<\/span><\/li><li data-leveltext=\"\uf0b7\" data-font=\"Symbol\" data-listid=\"233\" aria-setsize=\"-1\" data-aria-posinset=\"12\" data-aria-level=\"1\"><span data-contrast=\"auto\">No estar en tratamiento para reducir el consumo de alcohol.<\/span><\/li><\/ul><p><span data-contrast=\"auto\">Si cumples con todos los criterios, \u00a1ve c\u00f3mo <a href=\"\/es\/como-funciona\/\">funciona el programa<\/a>!<\/span><\/p>\t\t\t\t\t\t<\/div>\n\t\t\t\t<\/div>\n\t\t\t\t\t<\/div>\n\t\t<\/div>\n\t\t\t\t\t\t\t<\/div>\n\t\t<\/section>\n\t\t\t\t\t\t\t<\/div>","protected":false},"excerpt":{"rendered":"<p>Para quem \u00e9? O programa Bebermenos \u00e9 para voc\u00ea que: Possui 18 anos ou mais; Consome bebidas alco\u00f3licas e est\u00e1 pensando em reduzir seu consumo ou parar de beber; Est\u00e1 preocupado com o seu consumo de bebidas alco\u00f3licas ou possui familiares ou amigos que recomendam que voc\u00ea reduza seu uso ou pare de beber; Tem [&hellip;]<\/p>","protected":false},"author":4,"featured_media":0,"parent":3722,"menu_order":0,"comment_status":"closed","ping_status":"closed","template":"","meta":{"footnotes":""},"acf":[],"_links":{"self":[{"href":"https:\/\/bebermenos.org.br\/es\/wp-json\/wp\/v2\/pages\/565"}],"collection":[{"href":"https:\/\/bebermenos.org.br\/es\/wp-json\/wp\/v2\/pages"}],"about":[{"href":"https:\/\/bebermenos.org.br\/es\/wp-json\/wp\/v2\/types\/page"}],"author":[{"embeddable":true,"href":"https:\/\/bebermenos.org.br\/es\/wp-json\/wp\/v2\/users\/4"}],"replies":[{"embeddable":true,"href":"https:\/\/bebermenos.org.br\/es\/wp-json\/wp\/v2\/comments?post=565"}],"version-history":[{"count":101,"href":"https:\/\/bebermenos.org.br\/es\/wp-json\/wp\/v2\/pages\/565\/revisions"}],"predecessor-version":[{"id":16297,"href":"https:\/\/bebermenos.org.br\/es\/wp-json\/wp\/v2\/pages\/565\/revisions\/16297"}],"up":[{"embeddable":true,"href":"https:\/\/bebermenos.org.br\/es\/wp-json\/wp\/v2\/pages\/3722"}],"wp:attachment":[{"href":"https:\/\/bebermenos.org.br\/es\/wp-json\/wp\/v2\/media?parent=565"}],"curies":[{"name":"wp","href":"https:\/\/api.w.org\/{rel}","templated":true}]}}