{"id":617,"date":"2021-07-07T09:24:18","date_gmt":"2021-07-07T12:24:18","guid":{"rendered":"https:\/\/afip-prod-brz-bebermenos.azurewebsites.net\/?page_id=617"},"modified":"2024-09-05T10:54:23","modified_gmt":"2024-09-05T13:54:23","slug":"politica-de-privacidade","status":"publish","type":"page","link":"https:\/\/bebermenos.org.br\/es\/sobre-o-programa\/politica-de-privacidade\/","title":{"rendered":"La Pol\u00edtica de privacidad"},"content":{"rendered":"<div data-elementor-type=\"wp-page\" data-elementor-id=\"617\" class=\"elementor elementor-617\">\n\t\t\t\t\t\t\t\t\t<section class=\"elementor-section elementor-top-section elementor-element elementor-element-17b4118 elementor-section-boxed elementor-section-height-default elementor-section-height-default\" data-id=\"17b4118\" data-element_type=\"section\">\n\t\t\t\t\t\t<div class=\"elementor-container elementor-column-gap-default\">\n\t\t\t\t\t<div class=\"elementor-column elementor-col-100 elementor-top-column elementor-element elementor-element-1ab54ed\" data-id=\"1ab54ed\" data-element_type=\"column\">\n\t\t\t<div class=\"elementor-widget-wrap elementor-element-populated\">\n\t\t\t\t\t\t\t\t<div class=\"elementor-element elementor-element-a051275 elementor-widget elementor-widget-heading\" data-id=\"a051275\" data-element_type=\"widget\" data-widget_type=\"heading.default\">\n\t\t\t\t<div class=\"elementor-widget-container\">\n\t\t\t<h2 class=\"elementor-heading-title elementor-size-default\">Pol\u00edtica de privacidad<\/h2>\t\t<\/div>\n\t\t\t\t<\/div>\n\t\t\t\t<div class=\"elementor-element elementor-element-3e56b36 elementor-widget elementor-widget-text-editor\" data-id=\"3e56b36\" data-element_type=\"widget\" data-widget_type=\"text-editor.default\">\n\t\t\t\t<div class=\"elementor-widget-container\">\n\t\t\t\t\t\t\t<h2>Objetivos<\/h2><p>Esta pol\u00edtica presenta lineamientos para la protecci\u00f3n en los procesos de tratamiento de\u00a0datos que incluyen la recolecci\u00f3n, clasificaci\u00f3n,\u00a0uso, acceso, procesamiento, archivo,\u00a0almacenamiento, eliminaci\u00f3n, evaluaci\u00f3n o\u00a0<span style=\"color: var( --e-global-color-text ); font-family: var( --e-global-typography-text-font-family ), Sans-serif;\">control de informaci\u00f3n, modificaci\u00f3n,\u00a0<\/span><span style=\"color: var( --e-global-color-text ); font-family: var( --e-global-typography-text-font-family ), Sans-serif;\">comunicaci\u00f3n, transferencia, difusi\u00f3n o\u00a0<\/span><span style=\"color: var( --e-global-color-text ); font-family: var( --e-global-typography-text-font-family ), Sans-serif;\">extracci\u00f3n de datos personales de los usuarios de\u00a0<\/span><span style=\"color: var( --e-global-color-text ); font-family: var( --e-global-typography-text-font-family ), Sans-serif;\">los sitios <a href=\"http:\/\/www.informalcool.org.br\/es\/\" target=\"_blank\" rel=\"noopener\">www.informalcool.org.br\/es\/<\/a>\u00a0 y <\/span><span style=\"color: var( --e-global-color-text ); font-family: var( --e-global-typography-text-font-family ), Sans-serif;\"><a href=\"http:\/\/www.bebermenos.org.br\/es\/\" target=\"_blank\" rel=\"noopener\">www.bebermenos.org.br\/es\/<\/a>.<\/span><\/p><p>El contenido de estos sitios fue desarrollado por el equipo de la Unidad de Drogo dependencias, coordinado por la Prof. Maria Lucia O. Souza Formigoni, profesora titular del Departamento de Psicobiolog\u00eda de la Universidad Federal de S\u00e3o Paulo en alianza con el equipo de Tecnolog\u00eda de la Informaci\u00f3n (TI) de la Associa\u00e7\u00e3o Fundo de Incentivo \u00e0 Pesquisa (AFIP), instituci\u00f3n que mantiene el plazo de cooperaci\u00f3n\u00a0 41\/2019 con la Universidad Federal de S\u00e3o Paulo (UNIFESP), con el objetivo de apoyar la divulgaci\u00f3n de informaci\u00f3n cient\u00edfica y el desarrollo de proyectos de investigaci\u00f3n cient\u00edfica. Fue adaptado al espa\u00f1ol por el Instituto Nacional de Psiquiatr\u00eda \u201cRam\u00f3n de la Fuente Mu\u00f1iz\u201d con financiamiento de la Fundaci\u00f3n Gonzalo R\u00edo Arronte. AFIP se compromete a tomar todas las precauciones necesarias para cumplir con la Ley N\u00b0 13.709\/2018 (Ley General de Protecci\u00f3n de Datos) en Brasil. El proyecto en M\u00e9xico se acoge a la Ley General de Protecci\u00f3n de Datos Personales\u00a0 en Posesi\u00f3n de Sujetos Obligados.<\/p><h2>Glosario<\/h2><p>El programa puede contener algunas palabras que pueden no ser de conocimiento com\u00fan. Entre ellas:<\/p><p><strong>Usuario:<\/strong> Todas y cada una de las personas que acceden al sitio web, de cualquier forma y por cualquier medio, a trav\u00e9s de una computadora, notebook, tablet, tel\u00e9fono celular o cualquier otro medio.<br \/><strong>Base legal:<\/strong> Son criterios establecidos por la LGPD (Ley n\u00ba 13.709\/2018 \u2013 Ley General de Protecci\u00f3n de Datos), para describir en qu\u00e9 situaciones se permite el tratamiento de datos sin necesidad del consentimiento del usuario.<br \/><strong>Cookies:<\/strong> Peque\u00f1os archivos de texto generados autom\u00e1ticamente por el sitio web y transmitidos al navegador del usuario, que sirven para mejorar la usabilidad del sistema.<br \/><strong>Datos Personales:<\/strong> De acuerdo con la LGPD, se considera dato personal cualquier informaci\u00f3n relativa a una persona f\u00edsica identificada o identificable. Ejemplos de datos personales son: nombre, RFC y CURP.<br \/><strong>Dato anonimizado:<\/strong> Todo dato de car\u00e1cter personal que, una vez tratado por medios t\u00e9cnicos razonables disponibles en el momento del tratamiento, haga imposible identificar a su titular.<br \/><strong>Datos personales sensibles:<\/strong> De acuerdo con la LGPD, todos los datos personales sobre origen racial o \u00e9tnico, convicci\u00f3n religiosa, opini\u00f3n pol\u00edtica, afiliaci\u00f3n a un sindicato u organizaci\u00f3n de car\u00e1cter religioso, filos\u00f3fico o pol\u00edtico, as\u00ed como los datos referentes a la salud o la vida sexual, los datos gen\u00e9ticos o biom\u00e9tricos, cuando se vinculan a una persona natural se consideran datos\u00a0sensibles.<br \/><strong>Finalidad:<\/strong> Los datos recabados a trav\u00e9s del sitio web o cualquier medio de comunicaci\u00f3n se utilizar\u00e1n \u00fanicamente con la finalidad de difundir informaci\u00f3n cient\u00edfica y de investigaci\u00f3n, y no se pondr\u00e1n a disposici\u00f3n de terceros, ni se utilizar\u00e1n con fines comerciales.<br \/><strong style=\"color: var( --e-global-color-text ); font-family: var( --e-global-typography-text-font-family ), Sans-serif;\">Hiperv\u00ednculos:<\/strong><span style=\"color: var( --e-global-color-text ); font-family: var( --e-global-typography-text-font-family ), Sans-serif;\"> Son enlaces que pueden aparecer en el sitio web o en los contenidos que conducen a otra p\u00e1gina o a sitios web externos.<br \/><\/span><strong style=\"color: var( --e-global-color-text ); font-family: var( --e-global-typography-text-font-family ), Sans-serif;\">Login:<\/strong><span style=\"color: var( --e-global-color-text ); font-family: var( --e-global-typography-text-font-family ), Sans-serif;\"> Datos de acceso del usuario al registrarse para utilizar las \u00e1reas restringidas de los sitios web (<\/span><a style=\"font-family: var( --e-global-typography-text-font-family ), Sans-serif; background-color: #ffffff;\" href=\"http:\/\/www.informalcool.rog.br\/es\" target=\"_blank\" rel=\"noopener\">www.informalcool.rog.br\/es<\/a><span style=\"color: var( --e-global-color-text ); font-family: var( --e-global-typography-text-font-family ), Sans-serif;\"> y <\/span><a style=\"font-family: var( --e-global-typography-text-font-family ), Sans-serif; background-color: #ffffff;\" href=\"http:\/\/www.bebermenos.org.br\/es\" target=\"_blank\" rel=\"noopener\">www.bebermenos.org.br\/es<\/a><span style=\"color: var( --e-global-color-text ); font-family: var( --e-global-typography-text-font-family ), Sans-serif;\">), consistentes en nombre de usuario y contrase\u00f1a.<br \/><\/span><strong style=\"color: var( --e-global-color-text ); font-family: var( --e-global-typography-text-font-family ), Sans-serif;\">Fuera de l\u00ednea:<\/strong><span style=\"color: rgba(0, 0, 0, 0); font-family: var( --e-global-typography-text-font-family ), Sans-serif;\">\u00a0<\/span>Cuando el sitio web o la plataforma no est\u00e1 disponible.<br \/><strong style=\"color: var( --e-global-color-text ); font-family: var( --e-global-typography-text-font-family ), Sans-serif;\">Navegaci\u00f3n:<\/strong><span style=\"color: var( --e-global-color-text ); font-family: var( --e-global-typography-text-font-family ), Sans-serif;\"> El acto de visitar p\u00e1ginas y contenidos en el sitio web o plataforma de la AFIP.<br \/><\/span><strong style=\"color: var( --e-global-color-text ); font-family: var( --e-global-typography-text-font-family ), Sans-serif;\">Consentimiento Informado:<\/strong><span style=\"color: var( --e-global-color-text ); font-family: var( --e-global-typography-text-font-family ), Sans-serif;\"> Documento firmado digitalmente por los usuarios que manifiesta su libre expresi\u00f3n sobre la aceptaci\u00f3n del tratamiento de sus datos personales para una finalidad espec\u00edfica;\u00a0<\/span><\/p><p><strong>Titular de los Datos Personales: <\/strong>Persona a quien se refieren los datos personales.<\/p><ol><li>El presente t\u00e9rmino regula todos los derechos y obligaciones de toda persona que acceda a los sitios web, denominados en este t\u00e9rmino como &#8220;USUARIO&#8221;, salvaguardando todos los derechos previstos en la legislaci\u00f3n, contiene las cl\u00e1usulas siguientes como requisito para el acceso y visita de el mismo, ubicado en las direcciones <a href=\"http:\/\/www.informalcool.org.br\/es\" target=\"_blank\" rel=\"noopener\">www.informalcool.org.br\/es<\/a>\/ y <a href=\"http:\/\/www.bebermenos.org.br\/es\/\" target=\"_blank\" rel=\"noopener\">www.bebermenos.org.br\/es\/\u00a0<\/a> La permanencia en el sitio web implica autom\u00e1ticamente la lectura y aceptaci\u00f3n t\u00e1cita de las presentes condiciones de uso. Este t\u00e9rmino se actualiz\u00f3 por \u00faltima vez el 5 de noviembre de 2022.<\/li><li>\u00a0De conformidad con las reglas establecidas por estos sitios, el usuario autoriza previamente (aunque no expresamente) a los sitios a responder las preguntas que le hayan sido remitidas por el primero, utilizando el correo electr\u00f3nico u otras formas de comunicaci\u00f3n autorizadas por el usuario, tales como llamadas telef\u00f3nicas, mensajes SMS enviados por celular o redes sociales de comunicaci\u00f3n.<\/li><li>Los responsables de los sitios web <a href=\"http:\/\/www.informalcool.org.br\/es\/\" target=\"_blank\" rel=\"noopener\">www.informalcool.org.br\/es\/<\/a> y <a href=\"http:\/\/www.bebermenos.org.br\/es\/\" target=\"_blank\" rel=\"noopener\">www.bebermenos.org.br\/es\/<\/a> se comprometen a no divulgar informaci\u00f3n sensible sobre sus usuarios a terceros, pero monitorear\u00e1n la informaci\u00f3n ingresada por los usuarios en el sitio para ayudarlos a utilizar los sitios de manera \u00f3ptima y reducir sus problemas asociados con el uso de bebidas alcoh\u00f3licas.<\/li><li>Todo el contenido del sitio se desarroll\u00f3 con base a estudios cient\u00edficos y se actualiza peri\u00f3dicamente. Sin embargo, existe la posibilidad de contener en alg\u00fan art\u00edculo, video o imagen, alguna informaci\u00f3n que no refleje datos actualizados, no pudiendo responsabilizarse a la AFIP de ninguna manera ni por ning\u00fan medio por ning\u00fan contenido que no est\u00e9 debidamente actualizado.<\/li><\/ol><h2>Aceptaci\u00f3n de los t\u00e9rminos<\/h2><p>Este t\u00e9rmino especifica y exige que todo usuario que acceda a los sitios web <a href=\"http:\/\/www.informalcool.org.br\/es\/\" target=\"_blank\" rel=\"noopener\">www.informalcool.org.br\/es\/<\/a> y <a href=\"http:\/\/www.bebermenos.org.br\/es\/\" target=\"_blank\" rel=\"noopener\">www.bebermenos.org.br\/es\/<\/a> lea y comprenda todas sus cl\u00e1usulas, ya que establece entre la AFIP y el USUARIO derechos y obligaciones entre ambas partes, expresamente aceptados. por el USUARIO si contin\u00faa navegando por los citados sitios.\u00a0 Al continuar accediendo al sitio, el USUARIO manifiesta que acepta y comprende todas las cl\u00e1usulas, as\u00ed como estar plenamente de acuerdo con cada una de ellas, siendo esta aceptaci\u00f3n imprescindible para la permanencia en las mismas. Si el USUARIO no est\u00e1 de acuerdo con alguna\u00a0cl\u00e1usula o t\u00e9rmino de este contrato, el USUARIO deber\u00e1 dejar de navegar inmediatamente por\u00a0 todos los medios y formas. Este t\u00e9rmino puede y ser\u00e1 actualizado peri\u00f3dicamente por la AFIP, la cual se reserva el\u00a0 derecho de modificarlo, sin ning\u00fan tipo de aviso previo, pero comprometi\u00e9ndose a divulgarlo a los usuarios. Es importante que el USUARIO compruebe siempre al inicio de la p\u00e1gina si ha habido movimiento y cu\u00e1l fue la \u00faltima actualizaci\u00f3n del mismo.<\/p><h2>Acceso al sitio web<\/h2><p>Los sitios web funcionan normalmente las 24 (veinticuatro) horas del d\u00eda, sin embargo, pueden ocurrir interrupciones temporales menores por ajustes, mantenimiento, cambios de servidor, fallas t\u00e9cnicas o por causas de fuerza mayor, que pueden dejar el sitio web indisponible o inestable por tiempo limitado. AFIP no se responsabiliza por la p\u00e9rdida de datos que hayan sido ingresados en estos momentos, ni por los perjuicios que esta indisponibilidad temporal pueda ocasionar a los usuarios. En caso de mantenimiento que requiera un mayor per\u00edodo de tiempo, la AFIP informar\u00e1 con anticipaci\u00f3n a los usuarios sobre el tiempo esperado durante el cual el sitio web o la plataforma estar\u00e1n fuera de l\u00ednea.\u00a0El acceso a la parte restringida del recinto (intervenci\u00f3n Bebermenos) s\u00f3lo est\u00e1 permitido a\u00a0mayores de 18 a\u00f1os o que tengan plena capacidad civil. Todos los datos est\u00e1n protegidos de conformidad con la Ley General de Protecci\u00f3n de Datos, y al registrarse en el sitio, el usuario est\u00e1 de acuerdo con la recolecci\u00f3n de datos de conformidad con dicha Ley y con la Pol\u00edtica de Privacidad de AFIP. Los participantes del estudio\u00a0\u201cINCREMENTO A LA ADHERENCIA A BEBER MENOS: PROGRAMA EN L\u00cdNEA PARA LA PREVENCI\u00d3N SECUNDARIA DEL CONSUMO DE ALCOHOL\u201d tambi\u00e9n deben leer y declarar su conformidad con el T\u00e9rmino de Consentimiento Libre e Informado (TCLE) del referido proyecto de investigaci\u00f3n, aprobado por el Comit\u00e9 de \u00c9tica en Investigaci\u00f3n (CEP) de la UNIFESP.\u00a0Los datos recabados durante la navegaci\u00f3n por los sitios web ser\u00e1n almacenados con el fin de mejorar su funcionalidad, de acuerdo con la Pol\u00edtica de Manejo de Datos de la AFIP, y no ser\u00e1n puestos a disposici\u00f3n de terceros.<\/p><h2>Licencia de uso y copia<\/h2><p>El visitante podr\u00e1 acceder a todos los contenidos del sitio web, tales como art\u00edculos,\u00a0videos, im\u00e1genes, productos y servicios, no implicando ning\u00fan tipo de cesi\u00f3n de derechos o permiso para usar o copiar los mismos. Todos los derechos est\u00e1n reservados, de acuerdo con la legislaci\u00f3n brasile\u00f1a, principalmente en la Ley\u00a0de Derechos de Autor (regulada en la Ley n\u00ba 9.610\/18), as\u00ed como en el C\u00f3digo Civil Brasile\u00f1o\u00a0 (regulado en la Ley n\u00ba 10.406\/02), o cualquier otra legislaci\u00f3n aplicable.<br \/>Todo el contenido del sitio est\u00e1 protegido por derechos de autor y su uso, copia, transmisi\u00f3n, venta, cesi\u00f3n o reventa deben respetar las leyes brasile\u00f1as, con la Profa. Maria Lucia O. S. Formigoni todos los derechos reservados, no permiti\u00e9ndose su copia o uso en cualquier forma o medio, sin autorizaci\u00f3n expresa y por escrito de su parte, pudiendo en casos espec\u00edficos admitir excepciones ocasionales a este derecho, las cuales ser\u00e1n claramente destacadas en el mismo, con la forma y permiso para utilizar el contenido protegido. Este derecho es revocable y limitado a las especificaciones de cada caso. Se atribuir\u00e1 responsabilidad, civil y\/o penal, a quien tenga\u00a0derecho por el uso indebido o no autorizado de la informaci\u00f3n disponible en el mencionado\u00a0 espacio virtual.<\/p><h2>De las obligaciones<\/h2><p>El usuario, al utilizar el sitio web de la AFIP, se compromete plenamente a:\u00a0<\/p><ul><li>De ninguna forma o medio realizar ning\u00fan tipo de acci\u00f3n que pretenda invadir, piratear, destruir o da\u00f1ar la estructura del sitio web, plataforma de la AFIP o de sus socios comerciales.<\/li><li>Incluyendo, pero no limitado a, el env\u00edo de virus inform\u00e1ticos, ataques DDOS, accesos indebidos por fallas en los mismos, o cualquier otra forma y medio.<\/li><li>No divulgar indebidamente en los comentarios del sitio contenidos que puedan caracterizarse como SPAM, divulgaci\u00f3n por parte de empresas comerciales, difusi\u00f3n de virus, contenidos para los cuales no tienen derechos de autor o<br \/>cualquier otra publicaci\u00f3n que no sea relevante para la discusi\u00f3n de la intervenci\u00f3n.<\/li><li>Prohibici\u00f3n de reproducir cualquier contenido del sitio web o plataforma sin autorizaci\u00f3n expresa, siendo responsable de las responsabilidades civiles y penales.<\/li><\/ul><p>Con la Pol\u00edtica de Privacidad del sitio, as\u00ed como tratamos los datos relativos al registro y visita en el sitio, pudiendo solicitar su supresi\u00f3n en cualquier momento y forma, a trav\u00e9s del formulario de contacto.<\/p><h2>T\u00e9rminos generales<\/h2><p>El Sitio mostrar\u00e1 hiperv\u00ednculos a lo largo de su navegaci\u00f3n, que pueden conducir directamente a otra p\u00e1gina de la AFIP o a sitios externos. Si bien la AFIP solo crea enlaces a sitios externos sumamente confiables, si el usuario accede a un sitio externo, la AFIP no tiene responsabilidad por el medio, siendo una mera indicaci\u00f3n de complementaci\u00f3n de contenido, siendo el usuario responsable por el acceso, as\u00ed como por las acciones que realice.\u00a0<span style=\"color: var( --e-global-color-text ); font-family: var( --e-global-typography-text-font-family ), Sans-serif;\">En los casos en que existan conflictos legales entre el usuario y la AFIP, el foro elegido para la debida acci\u00f3n ser\u00e1 el de la circunscripci\u00f3n de la AFIP, aunque exista otro m\u00e1s privilegiado.<\/span><\/p><p>Este T\u00e9rmino de Uso es v\u00e1lido desde el 5 de noviembre de 2022.\u00a0<\/p>\t\t\t\t\t\t<\/div>\n\t\t\t\t<\/div>\n\t\t\t\t\t<\/div>\n\t\t<\/div>\n\t\t\t\t\t\t\t<\/div>\n\t\t<\/section>\n\t\t\t\t\t\t\t<\/div>","protected":false},"excerpt":{"rendered":"<p>Pol\u00edtica de Privacidade Objetivos Esta pol\u00edtica apresenta as diretrizes para prote\u00e7\u00e3o nos processos de tratamento de dados que incluem coleta, classifica\u00e7\u00e3o, utiliza\u00e7\u00e3o, acesso, processamento, arquivamento, armazenamento, elimina\u00e7\u00e3o, avalia\u00e7\u00e3o ou controle da informa\u00e7\u00e3o, modifica\u00e7\u00e3o, comunica\u00e7\u00e3o, transfer\u00eancia, difus\u00e3o ou extra\u00e7\u00e3o de dados pessoais dos usu\u00e1rios dos sites www.informalcool.org.br e www.bebermenos.org.br. O conte\u00fado destes\u202fsites foi desenvolvido pela equipe [&hellip;]<\/p>","protected":false},"author":4,"featured_media":0,"parent":3722,"menu_order":0,"comment_status":"closed","ping_status":"closed","template":"","meta":{"footnotes":""},"acf":[],"_links":{"self":[{"href":"https:\/\/bebermenos.org.br\/es\/wp-json\/wp\/v2\/pages\/617"}],"collection":[{"href":"https:\/\/bebermenos.org.br\/es\/wp-json\/wp\/v2\/pages"}],"about":[{"href":"https:\/\/bebermenos.org.br\/es\/wp-json\/wp\/v2\/types\/page"}],"author":[{"embeddable":true,"href":"https:\/\/bebermenos.org.br\/es\/wp-json\/wp\/v2\/users\/4"}],"replies":[{"embeddable":true,"href":"https:\/\/bebermenos.org.br\/es\/wp-json\/wp\/v2\/comments?post=617"}],"version-history":[{"count":89,"href":"https:\/\/bebermenos.org.br\/es\/wp-json\/wp\/v2\/pages\/617\/revisions"}],"predecessor-version":[{"id":17689,"href":"https:\/\/bebermenos.org.br\/es\/wp-json\/wp\/v2\/pages\/617\/revisions\/17689"}],"up":[{"embeddable":true,"href":"https:\/\/bebermenos.org.br\/es\/wp-json\/wp\/v2\/pages\/3722"}],"wp:attachment":[{"href":"https:\/\/bebermenos.org.br\/es\/wp-json\/wp\/v2\/media?parent=617"}],"curies":[{"name":"wp","href":"https:\/\/api.w.org\/{rel}","templated":true}]}}